{"id":1574,"date":"2025-12-26T08:49:50","date_gmt":"2025-12-26T08:49:50","guid":{"rendered":"https:\/\/bestgelpolish.com\/?post_type=product&#038;p=1574"},"modified":"2025-12-26T08:49:50","modified_gmt":"2025-12-26T08:49:50","slug":"bulk-35000rpm-cordless-rechargeable-professional-nail-drill","status":"publish","type":"product","link":"https:\/\/bestgelpolish.com\/it\/bulk-35000rpm-cordless-rechargeable-professional-nail-drill\/","title":{"rendered":"Trapano per unghie professionale ricaricabile senza fili da 35000 giri\/min."},"content":{"rendered":"<p>costruita per i tecnici pi\u00f9 impegnati e per i professionisti di casa, questa fresa per unghie cordless 2025 eroga fino a 35.000 giri al minuto con un motore senza nucleo che risulta stabile, silenzioso e controllato. la base portatile consente di tenere in ordine il manipolo mentre si lavora, mentre il design ricaricabile permette di spostarsi liberamente tra le stazioni senza grovigli. Il display della velocit\u00e0 rende semplice l'impostazione perfetta, in modo che ogni set risulti pi\u00f9 pulito, pi\u00f9 veloce e pi\u00f9 professionale, sia che si tratti di curare le cuticole o di completare un servizio completo di extension.<\/p>","protected":false},"excerpt":{"rendered":"<p>fresa per unghie portatile a batteria a 35.000 giri\/min. con motore senza nucleo. potenza ricaricabile, controllo stabile della velocit\u00e0 e impugnatura confortevole per modellare, rimuovere e ottenere finiture pulite pronte per il salone.<\/p>","protected":false},"featured_media":1579,"template":"","meta":[],"product_brand":[],"product_cat":[27],"product_tag":[198,197,199,201,202,200],"class_list":{"0":"post-1574","1":"product","2":"type-product","3":"status-publish","4":"has-post-thumbnail","6":"product_cat-nail-tool","7":"product_tag-35000rpm-manicure-drill","8":"product_tag-cordless-nail-drill","9":"product_tag-coreless-motor-e-file","10":"product_tag-portable-nail-drill-machine","11":"product_tag-professional-nail-salon-tool","12":"product_tag-rechargeable-nail-file","14":"first","15":"instock","16":"shipping-taxable","17":"product-type-simple"},"_links":{"self":[{"href":"https:\/\/bestgelpolish.com\/it\/wp-json\/wp\/v2\/product\/1574","targetHints":{"allow":["GET"]}}],"collection":[{"href":"https:\/\/bestgelpolish.com\/it\/wp-json\/wp\/v2\/product"}],"about":[{"href":"https:\/\/bestgelpolish.com\/it\/wp-json\/wp\/v2\/types\/product"}],"version-history":[{"count":2,"href":"https:\/\/bestgelpolish.com\/it\/wp-json\/wp\/v2\/product\/1574\/revisions"}],"predecessor-version":[{"id":1582,"href":"https:\/\/bestgelpolish.com\/it\/wp-json\/wp\/v2\/product\/1574\/revisions\/1582"}],"wp:featuredmedia":[{"embeddable":true,"href":"https:\/\/bestgelpolish.com\/it\/wp-json\/wp\/v2\/media\/1579"}],"wp:attachment":[{"href":"https:\/\/bestgelpolish.com\/it\/wp-json\/wp\/v2\/media?parent=1574"}],"wp:term":[{"taxonomy":"product_brand","embeddable":true,"href":"https:\/\/bestgelpolish.com\/it\/wp-json\/wp\/v2\/product_brand?post=1574"},{"taxonomy":"product_cat","embeddable":true,"href":"https:\/\/bestgelpolish.com\/it\/wp-json\/wp\/v2\/product_cat?post=1574"},{"taxonomy":"product_tag","embeddable":true,"href":"https:\/\/bestgelpolish.com\/it\/wp-json\/wp\/v2\/product_tag?post=1574"}],"curies":[{"name":"wp","href":"https:\/\/api.w.org\/{rel}","templated":true}]}}