{"id":1491,"date":"2025-12-26T08:27:36","date_gmt":"2025-12-26T08:27:36","guid":{"rendered":"https:\/\/bestgelpolish.com\/?post_type=product&#038;p=1491"},"modified":"2025-12-26T08:27:36","modified_gmt":"2025-12-26T08:27:36","slug":"bulk-5-in-1-uv-gel-builder-quick-extension-poly-nail-gel","status":"publish","type":"product","link":"https:\/\/bestgelpolish.com\/it\/bulk-5-in-1-uv-gel-builder-quick-extension-poly-nail-gel\/","title":{"rendered":"Gel costruttore UV 5 in 1 in blocco Estensione rapida Poly Nail Gel"},"content":{"rendered":"<p>Il gel costruttore UV multifunzionale 5 in 1 in un flacone \u00e8 stato progettato per la convenienza e la facilit\u00e0. Offrendo una soluzione rapida per l'allungamento delle unghie, questo gel elimina la necessit\u00e0 di limare, risparmiando tempo e fatica. La formula del gel liquido per unghie polivalente, a rilascio immediato, garantisce una finitura liscia e duratura, assicurando unghie di lunga durata senza problemi. Perfetto sia per gli artisti delle unghie professionisti che per le appassionate del fai-da-te, combina tutti i vantaggi di un gel costruttore, di un gel allungante e altro ancora in un unico prodotto. Per ottenere unghie perfette con il minimo sforzo, \u00e8 un prodotto indispensabile sia per i saloni di bellezza che per l'uso domestico.<\/p>","protected":false},"excerpt":{"rendered":"<p>Questo gel UV multifunzionale 5 in 1 offre una soluzione rapida per l'allungamento delle unghie. Senza bisogno di limatura e con un facile assorbimento, questo gel per unghie polivalente assicura unghie perfette e durature con il minimo sforzo.<\/p>","protected":false},"featured_media":1494,"template":"","meta":[],"product_brand":[],"product_cat":[20],"product_tag":[150,153,152,154,102,151],"class_list":{"0":"post-1491","1":"product","2":"type-product","3":"status-publish","4":"has-post-thumbnail","6":"product_cat-builder-in-a-bottle-gel","7":"product_tag-5-in-1-gel-builder","8":"product_tag-no-filing-gel","9":"product_tag-poly-nail-gel","10":"product_tag-quick-extension-gel","11":"product_tag-soak-off-gel","12":"product_tag-uv-nail-gel","14":"first","15":"instock","16":"shipping-taxable","17":"product-type-simple"},"_links":{"self":[{"href":"https:\/\/bestgelpolish.com\/it\/wp-json\/wp\/v2\/product\/1491","targetHints":{"allow":["GET"]}}],"collection":[{"href":"https:\/\/bestgelpolish.com\/it\/wp-json\/wp\/v2\/product"}],"about":[{"href":"https:\/\/bestgelpolish.com\/it\/wp-json\/wp\/v2\/types\/product"}],"version-history":[{"count":2,"href":"https:\/\/bestgelpolish.com\/it\/wp-json\/wp\/v2\/product\/1491\/revisions"}],"predecessor-version":[{"id":1499,"href":"https:\/\/bestgelpolish.com\/it\/wp-json\/wp\/v2\/product\/1491\/revisions\/1499"}],"wp:featuredmedia":[{"embeddable":true,"href":"https:\/\/bestgelpolish.com\/it\/wp-json\/wp\/v2\/media\/1494"}],"wp:attachment":[{"href":"https:\/\/bestgelpolish.com\/it\/wp-json\/wp\/v2\/media?parent=1491"}],"wp:term":[{"taxonomy":"product_brand","embeddable":true,"href":"https:\/\/bestgelpolish.com\/it\/wp-json\/wp\/v2\/product_brand?post=1491"},{"taxonomy":"product_cat","embeddable":true,"href":"https:\/\/bestgelpolish.com\/it\/wp-json\/wp\/v2\/product_cat?post=1491"},{"taxonomy":"product_tag","embeddable":true,"href":"https:\/\/bestgelpolish.com\/it\/wp-json\/wp\/v2\/product_tag?post=1491"}],"curies":[{"name":"wp","href":"https:\/\/api.w.org\/{rel}","templated":true}]}}