{"id":2466,"date":"2025-12-30T09:53:56","date_gmt":"2025-12-30T09:53:56","guid":{"rendered":"https:\/\/bestgelpolish.com\/?post_type=product&#038;p=2466"},"modified":"2025-12-30T09:57:46","modified_gmt":"2025-12-30T09:57:46","slug":"wholesale-6-color-ombre-effect-gel-polish-collection-box","status":"publish","type":"product","link":"https:\/\/bestgelpolish.com\/es\/wholesale-6-color-ombre-effect-gel-polish-collection-box\/","title":{"rendered":"Mayorista 6-Color Ombre Effect Gel Polish Collection Box"},"content":{"rendered":"<p data-start=\"546\" data-end=\"1064\">Transforma tus u\u00f1as con la vibrante colecci\u00f3n de esmaltes de gel Pat Pat de 6 colores. Con una f\u00f3rmula sin TPO ni HEMA, este set de esmaltes de gel ofrece impresionantes efectos ombr\u00e9 para un color y un brillo duraderos. Perfecto para crear nail art de calidad profesional en casa.<\/p>","protected":false},"excerpt":{"rendered":"<p>Este estuche de esmaltes de gel de 6 colores ofrece un bonito efecto ombre con f\u00f3rmulas seguras y no t\u00f3xicas, sin OPC ni HEMA. Perfecto para crear dise\u00f1os de nail art vibrantes e impecables.<\/p>","protected":false},"featured_media":2470,"template":"","meta":[],"product_brand":[],"product_cat":[15,30],"product_tag":[658,621,657,656,430,85],"class_list":{"0":"post-2466","1":"product","2":"type-product","3":"status-publish","4":"has-post-thumbnail","6":"product_cat-base-coat","7":"product_cat-colored-rubber-base","8":"product_tag-gel-nail-collection","9":"product_tag-hema-free-nail-polish","10":"product_tag-ombre-effect-gel","11":"product_tag-pat-pat-gel-polish","12":"product_tag-tpo-free-gel","13":"product_tag-wholesale-gel-polish","15":"first","16":"instock","17":"shipping-taxable","18":"product-type-simple"},"_links":{"self":[{"href":"https:\/\/bestgelpolish.com\/es\/wp-json\/wp\/v2\/product\/2466","targetHints":{"allow":["GET"]}}],"collection":[{"href":"https:\/\/bestgelpolish.com\/es\/wp-json\/wp\/v2\/product"}],"about":[{"href":"https:\/\/bestgelpolish.com\/es\/wp-json\/wp\/v2\/types\/product"}],"version-history":[{"count":3,"href":"https:\/\/bestgelpolish.com\/es\/wp-json\/wp\/v2\/product\/2466\/revisions"}],"predecessor-version":[{"id":2474,"href":"https:\/\/bestgelpolish.com\/es\/wp-json\/wp\/v2\/product\/2466\/revisions\/2474"}],"wp:featuredmedia":[{"embeddable":true,"href":"https:\/\/bestgelpolish.com\/es\/wp-json\/wp\/v2\/media\/2470"}],"wp:attachment":[{"href":"https:\/\/bestgelpolish.com\/es\/wp-json\/wp\/v2\/media?parent=2466"}],"wp:term":[{"taxonomy":"product_brand","embeddable":true,"href":"https:\/\/bestgelpolish.com\/es\/wp-json\/wp\/v2\/product_brand?post=2466"},{"taxonomy":"product_cat","embeddable":true,"href":"https:\/\/bestgelpolish.com\/es\/wp-json\/wp\/v2\/product_cat?post=2466"},{"taxonomy":"product_tag","embeddable":true,"href":"https:\/\/bestgelpolish.com\/es\/wp-json\/wp\/v2\/product_tag?post=2466"}],"curies":[{"name":"wp","href":"https:\/\/api.w.org\/{rel}","templated":true}]}}