{"id":2457,"date":"2025-12-30T09:46:39","date_gmt":"2025-12-30T09:46:39","guid":{"rendered":"https:\/\/bestgelpolish.com\/?post_type=product&#038;p=2457"},"modified":"2025-12-30T09:46:39","modified_gmt":"2025-12-30T09:46:39","slug":"wholesale-self-leveling-biab-builder-gel-extensions-24-colors","status":"publish","type":"product","link":"https:\/\/bestgelpolish.com\/es\/wholesale-self-leveling-biab-builder-gel-extensions-24-colors\/","title":{"rendered":"Mayorista Extensiones de Gel Autonivelantes BIAB Builder 24 Colores"},"content":{"rendered":"<p data-start=\"629\" data-end=\"1081\">Nuestro gel autonivelante para extensiones BIAB de RS Nail Factory est\u00e1 dise\u00f1ado para profesionales que buscan flexibilidad y una aplicaci\u00f3n suave. Como se muestra en las im\u00e1genes, este gel es perfecto para crear extensiones naturales y duraderas con un acabado brillante. Su consistencia gelatinosa facilita su aplicaci\u00f3n, nivelando perfectamente sin necesidad de limar en exceso. Es ideal para crear extensiones fuertes y finas, menos propensas a romperse.<\/p>\n<p data-start=\"1083\" data-end=\"1472\" data-is-last-node=\"\" data-is-only-node=\"\">Con opciones personalizables para clientes oem\/private label, puede ofrecer una gama de colores, desde sutiles tonos nude a tonos brillantes y llamativos. Tanto si realiza manicuras francesas como si crea looks de extensiones completas, este gel proporciona la durabilidad y flexibilidad necesarias para obtener resultados impecables en todo momento. Adecuado tanto para l\u00e1mparas UV como LED, ofrece un curado r\u00e1pido para unos servicios de sal\u00f3n eficientes.<\/p>","protected":false},"excerpt":{"rendered":"<p>Este gel personalizado BIAB (Builder In A Bottle) ofrece propiedades autonivelantes, dise\u00f1ado para construir extensiones de u\u00f1as con un acabado suave e impecable. Disponible en varios tonos, incluidos elegantes dise\u00f1os franceses, es perfecto para crear u\u00f1as duraderas y de calidad de sal\u00f3n.<\/p>","protected":false},"featured_media":2458,"template":"","meta":[],"product_brand":[],"product_cat":[21],"product_tag":[650,655,652,653,654,651],"class_list":{"0":"post-2457","1":"product","2":"type-product","3":"status-publish","4":"has-post-thumbnail","6":"product_cat-poly-gel","7":"product_tag-biab-extensions","8":"product_tag-customized-gel-polish","9":"product_tag-jelly-gel-builder","10":"product_tag-led-french-gel","11":"product_tag-nail-gel-builder","12":"product_tag-self-leveling-uv-gel","14":"first","15":"instock","16":"shipping-taxable","17":"product-type-simple"},"_links":{"self":[{"href":"https:\/\/bestgelpolish.com\/es\/wp-json\/wp\/v2\/product\/2457","targetHints":{"allow":["GET"]}}],"collection":[{"href":"https:\/\/bestgelpolish.com\/es\/wp-json\/wp\/v2\/product"}],"about":[{"href":"https:\/\/bestgelpolish.com\/es\/wp-json\/wp\/v2\/types\/product"}],"version-history":[{"count":1,"href":"https:\/\/bestgelpolish.com\/es\/wp-json\/wp\/v2\/product\/2457\/revisions"}],"predecessor-version":[{"id":2462,"href":"https:\/\/bestgelpolish.com\/es\/wp-json\/wp\/v2\/product\/2457\/revisions\/2462"}],"wp:featuredmedia":[{"embeddable":true,"href":"https:\/\/bestgelpolish.com\/es\/wp-json\/wp\/v2\/media\/2458"}],"wp:attachment":[{"href":"https:\/\/bestgelpolish.com\/es\/wp-json\/wp\/v2\/media?parent=2457"}],"wp:term":[{"taxonomy":"product_brand","embeddable":true,"href":"https:\/\/bestgelpolish.com\/es\/wp-json\/wp\/v2\/product_brand?post=2457"},{"taxonomy":"product_cat","embeddable":true,"href":"https:\/\/bestgelpolish.com\/es\/wp-json\/wp\/v2\/product_cat?post=2457"},{"taxonomy":"product_tag","embeddable":true,"href":"https:\/\/bestgelpolish.com\/es\/wp-json\/wp\/v2\/product_tag?post=2457"}],"curies":[{"name":"wp","href":"https:\/\/api.w.org\/{rel}","templated":true}]}}