{"id":2451,"date":"2025-12-30T09:43:59","date_gmt":"2025-12-30T09:43:59","guid":{"rendered":"https:\/\/bestgelpolish.com\/?post_type=product&#038;p=2451"},"modified":"2025-12-30T09:43:59","modified_gmt":"2025-12-30T09:43:59","slug":"wholesale-color-rubber-base-gel-builder-coat-with-custom-logo","status":"publish","type":"product","link":"https:\/\/bestgelpolish.com\/es\/wholesale-color-rubber-base-gel-builder-coat-with-custom-logo\/","title":{"rendered":"Mayorista Capa de Gel de Base de Goma con Logotipo Personalizado"},"content":{"rendered":"<p data-start=\"579\" data-end=\"1022\">Este gel base de caucho de color est\u00e1 pensado para clientas que desean un aspecto limpio y pulido con un soporte extra. La imagen muestra tonos suaves y llevables -nude lechoso, pasteles y divertidas opciones moteadas- para que pueda ofrecer acabados minimalistas y modernos con el mismo tipo de producto. La textura tiene buena elasticidad, lo que ayuda a que se mueva con la u\u00f1a natural en lugar de agrietarse, por lo que es una opci\u00f3n inteligente para u\u00f1as d\u00e9biles, delgadas o flexibles.<\/p>\n<p data-start=\"1024\" data-end=\"1580\" data-is-last-node=\"\" data-is-only-node=\"\">Se aplica suavemente, se nivela para obtener una superficie ordenada y se puede utilizar como base tintada, como capa de refuerzo o como base bajo el color en gel. Para los salones, acelera los servicios porque se puede crear, equilibrar y te\u00f1ir en menos pasos. Para las marcas y los distribuidores, es un producto muy repetido: f\u00e1cil ampliaci\u00f3n de tonos, f\u00e1cil agrupaci\u00f3n en sets de temporada y gran satisfacci\u00f3n del cliente cuando las u\u00f1as se sienten protegidas, no pesadas. Las opciones b2b admiten logotipos personalizados, dise\u00f1o de frascos\/etiquetas y gamas de colores curadas (desnudos-rosados como rb02, tonos pastel y acabados statement).<\/p>","protected":false},"excerpt":{"rendered":"<p>Un gel base de caucho de color que funciona como un \u201ccoj\u00edn\u201d flexible para la u\u00f1a: a\u00f1ade fuerza, mejora la adherencia y deja un acabado tintado brillante. Dise\u00f1ado para lanzamientos de logotipos personalizados b2b y para salones de belleza.<\/p>","protected":false},"featured_media":2452,"template":"","meta":[],"product_brand":[],"product_cat":[15,30],"product_tag":[646,645,535,647,649,648],"class_list":{"0":"post-2451","1":"product","2":"type-product","3":"status-publish","4":"has-post-thumbnail","6":"product_cat-base-coat","7":"product_cat-colored-rubber-base","8":"product_tag-builder-rubber-base-coat","9":"product_tag-color-rubber-base-gel","10":"product_tag-custom-logo-nail-gel","11":"product_tag-elastic-base-gel","12":"product_tag-soak-off-uv-led-gel","13":"product_tag-wholesale-base-coat-gel","15":"first","16":"instock","17":"shipping-taxable","18":"product-type-simple"},"_links":{"self":[{"href":"https:\/\/bestgelpolish.com\/es\/wp-json\/wp\/v2\/product\/2451","targetHints":{"allow":["GET"]}}],"collection":[{"href":"https:\/\/bestgelpolish.com\/es\/wp-json\/wp\/v2\/product"}],"about":[{"href":"https:\/\/bestgelpolish.com\/es\/wp-json\/wp\/v2\/types\/product"}],"version-history":[{"count":1,"href":"https:\/\/bestgelpolish.com\/es\/wp-json\/wp\/v2\/product\/2451\/revisions"}],"predecessor-version":[{"id":2456,"href":"https:\/\/bestgelpolish.com\/es\/wp-json\/wp\/v2\/product\/2451\/revisions\/2456"}],"wp:featuredmedia":[{"embeddable":true,"href":"https:\/\/bestgelpolish.com\/es\/wp-json\/wp\/v2\/media\/2452"}],"wp:attachment":[{"href":"https:\/\/bestgelpolish.com\/es\/wp-json\/wp\/v2\/media?parent=2451"}],"wp:term":[{"taxonomy":"product_brand","embeddable":true,"href":"https:\/\/bestgelpolish.com\/es\/wp-json\/wp\/v2\/product_brand?post=2451"},{"taxonomy":"product_cat","embeddable":true,"href":"https:\/\/bestgelpolish.com\/es\/wp-json\/wp\/v2\/product_cat?post=2451"},{"taxonomy":"product_tag","embeddable":true,"href":"https:\/\/bestgelpolish.com\/es\/wp-json\/wp\/v2\/product_tag?post=2451"}],"curies":[{"name":"wp","href":"https:\/\/api.w.org\/{rel}","templated":true}]}}