{"id":2401,"date":"2025-12-30T09:13:42","date_gmt":"2025-12-30T09:13:42","guid":{"rendered":"https:\/\/bestgelpolish.com\/?post_type=product&#038;p=2401"},"modified":"2025-12-30T09:13:42","modified_gmt":"2025-12-30T09:13:42","slug":"wholesale-oem-odm-12-colors-mocha-series-hema-free-gel-polish","status":"publish","type":"product","link":"https:\/\/bestgelpolish.com\/es\/wholesale-oem-odm-12-colors-mocha-series-hema-free-gel-polish\/","title":{"rendered":"Mayorista OEM\/ODM 12 Colores Mocha Series HEMA-Free Gel Polish"},"content":{"rendered":"<p>esta colecci\u00f3n est\u00e1 dise\u00f1ada para satisfacer las demandas de los salones profesionales y los minoristas. El esmalte en gel no contiene sustancias qu\u00edmicas nocivas como HEMA, TPO y TMPTA, por lo que es seguro para un uso prolongado. Perfecto para negocios que buscan un producto personalizable de alta calidad, este esmalte garantiza una aplicaci\u00f3n suave y una larga duraci\u00f3n, lo que lo convierte en un producto imprescindible para cualquier gama de cuidado de u\u00f1as. Tanto si desea presentar un nuevo producto a sus clientes como ampliar su l\u00ednea de productos, nuestros esmaltes de gel Mocha Series ofrecen versatilidad y estilo para cada ocasi\u00f3n.<\/p>","protected":false},"excerpt":{"rendered":"<p>Nuestro esmalte de gel de u\u00f1as Mocha Series ofrece una mezcla perfecta de tonos ricos y neutros, con 12 tonos \u00fanicos para satisfacer una amplia gama de preferencias. Con un enfoque en la seguridad, estos geles est\u00e1n libres de HEMA, TPO y TMPTA, garantizando un producto de alta calidad que es suave en las u\u00f1as de sus clientes. Las opciones de personalizaci\u00f3n de la marca le permiten ofrecer esta l\u00ednea premium con su propia etiqueta.<\/p>","protected":false},"featured_media":2403,"template":"","meta":[],"product_brand":[],"product_cat":[15,29],"product_tag":[622,580,621,620,444,623],"class_list":{"0":"post-2401","1":"product","2":"type-product","3":"status-publish","4":"has-post-thumbnail","6":"product_cat-base-coat","7":"product_cat-hema-tpo-free-base-coat","8":"product_tag-custom-nail-polish","9":"product_tag-gel-polish-wholesale","10":"product_tag-hema-free-nail-polish","11":"product_tag-mocha-series-nails","12":"product_tag-oem-gel-polish","13":"product_tag-tpo-free-nail-polish","15":"first","16":"instock","17":"shipping-taxable","18":"product-type-simple"},"_links":{"self":[{"href":"https:\/\/bestgelpolish.com\/es\/wp-json\/wp\/v2\/product\/2401","targetHints":{"allow":["GET"]}}],"collection":[{"href":"https:\/\/bestgelpolish.com\/es\/wp-json\/wp\/v2\/product"}],"about":[{"href":"https:\/\/bestgelpolish.com\/es\/wp-json\/wp\/v2\/types\/product"}],"version-history":[{"count":1,"href":"https:\/\/bestgelpolish.com\/es\/wp-json\/wp\/v2\/product\/2401\/revisions"}],"predecessor-version":[{"id":2407,"href":"https:\/\/bestgelpolish.com\/es\/wp-json\/wp\/v2\/product\/2401\/revisions\/2407"}],"wp:featuredmedia":[{"embeddable":true,"href":"https:\/\/bestgelpolish.com\/es\/wp-json\/wp\/v2\/media\/2403"}],"wp:attachment":[{"href":"https:\/\/bestgelpolish.com\/es\/wp-json\/wp\/v2\/media?parent=2401"}],"wp:term":[{"taxonomy":"product_brand","embeddable":true,"href":"https:\/\/bestgelpolish.com\/es\/wp-json\/wp\/v2\/product_brand?post=2401"},{"taxonomy":"product_cat","embeddable":true,"href":"https:\/\/bestgelpolish.com\/es\/wp-json\/wp\/v2\/product_cat?post=2401"},{"taxonomy":"product_tag","embeddable":true,"href":"https:\/\/bestgelpolish.com\/es\/wp-json\/wp\/v2\/product_tag?post=2401"}],"curies":[{"name":"wp","href":"https:\/\/api.w.org\/{rel}","templated":true}]}}