{"id":2331,"date":"2025-12-30T07:45:37","date_gmt":"2025-12-30T07:45:37","guid":{"rendered":"https:\/\/bestgelpolish.com\/?post_type=product&#038;p=2331"},"modified":"2025-12-30T07:45:37","modified_gmt":"2025-12-30T07:45:37","slug":"wholesale-self-leveling-glitter-builder-gel-nail-extension","status":"publish","type":"product","link":"https:\/\/bestgelpolish.com\/es\/wholesale-self-leveling-glitter-builder-gel-nail-extension\/","title":{"rendered":"Mayorista Glitter Builder Gel Nail Extension"},"content":{"rendered":"<p>este sistema de construcci\u00f3n de gel se ha creado para profesionales que desean tanto rendimiento como impacto visual. la f\u00f3rmula autonivelante se extiende uniformemente, facilitando la extensi\u00f3n y el moldeado de las u\u00f1as y reduciendo el tiempo de limado. infundido con ricos pigmentos de purpurina, proporciona un brillo vibrante que parece suave y dimensional una vez curado. el gel proporciona un fuerte soporte para las extensiones al tiempo que se mantiene flexible para ayudar a evitar que se agriete o se levante. adecuado para dise\u00f1os de nail art, extensiones completas y servicios de sal\u00f3n de manicura, es una opci\u00f3n ideal para marcas oem, marcas privadas y mayoristas de u\u00f1as.<\/p>","protected":false},"excerpt":{"rendered":"<p>este gel constructor de brillo ofrece un suave rendimiento autonivelante con llamativos colores de purpurina. dise\u00f1ado para una f\u00e1cil extensi\u00f3n de la u\u00f1a, proporciona fuerza, chispa y brillo de larga duraci\u00f3n.<\/p>","protected":false},"featured_media":2333,"template":"","meta":[],"product_brand":[],"product_cat":[21],"product_tag":[590,97,583,98,591,74],"class_list":{"0":"post-2331","1":"product","2":"type-product","3":"status-publish","4":"has-post-thumbnail","6":"product_cat-poly-gel","7":"product_tag-glitter-builder-gel","8":"product_tag-nail-extension-gel","9":"product_tag-oem-nail-products","10":"product_tag-private-label-nail-gel","11":"product_tag-self-leveling-nail-gel","12":"product_tag-wholesale-nail-supplies","14":"first","15":"instock","16":"shipping-taxable","17":"product-type-simple"},"_links":{"self":[{"href":"https:\/\/bestgelpolish.com\/es\/wp-json\/wp\/v2\/product\/2331","targetHints":{"allow":["GET"]}}],"collection":[{"href":"https:\/\/bestgelpolish.com\/es\/wp-json\/wp\/v2\/product"}],"about":[{"href":"https:\/\/bestgelpolish.com\/es\/wp-json\/wp\/v2\/types\/product"}],"version-history":[{"count":1,"href":"https:\/\/bestgelpolish.com\/es\/wp-json\/wp\/v2\/product\/2331\/revisions"}],"predecessor-version":[{"id":2338,"href":"https:\/\/bestgelpolish.com\/es\/wp-json\/wp\/v2\/product\/2331\/revisions\/2338"}],"wp:featuredmedia":[{"embeddable":true,"href":"https:\/\/bestgelpolish.com\/es\/wp-json\/wp\/v2\/media\/2333"}],"wp:attachment":[{"href":"https:\/\/bestgelpolish.com\/es\/wp-json\/wp\/v2\/media?parent=2331"}],"wp:term":[{"taxonomy":"product_brand","embeddable":true,"href":"https:\/\/bestgelpolish.com\/es\/wp-json\/wp\/v2\/product_brand?post=2331"},{"taxonomy":"product_cat","embeddable":true,"href":"https:\/\/bestgelpolish.com\/es\/wp-json\/wp\/v2\/product_cat?post=2331"},{"taxonomy":"product_tag","embeddable":true,"href":"https:\/\/bestgelpolish.com\/es\/wp-json\/wp\/v2\/product_tag?post=2331"}],"curies":[{"name":"wp","href":"https:\/\/api.w.org\/{rel}","templated":true}]}}