{"id":2322,"date":"2025-12-30T07:40:40","date_gmt":"2025-12-30T07:40:40","guid":{"rendered":"https:\/\/bestgelpolish.com\/?post_type=product&#038;p=2322"},"modified":"2025-12-30T07:40:40","modified_gmt":"2025-12-30T07:40:40","slug":"wholesale-fiberglass-rubber-base-gel-nail-repair-builder-2","status":"publish","type":"product","link":"https:\/\/bestgelpolish.com\/es\/wholesale-fiberglass-rubber-base-gel-nail-repair-builder-2\/","title":{"rendered":"Mayorista Base de Goma de Fibra de Vidrio Gel Reparador de U\u00f1as Constructor"},"content":{"rendered":"<p>este gel base de caucho de fibra de vidrio de marca blanca se ha desarrollado para profesionales de u\u00f1as que necesitan resistencia y flexibilidad fiables en un solo producto. infundido con fibras de fibra de vidrio, ayuda a reparar u\u00f1as agrietadas o finas a la vez que refuerza la estructura natural de la u\u00f1a. la textura autonivelante permite una aplicaci\u00f3n f\u00e1cil, una construcci\u00f3n suave y una adhesi\u00f3n excelente. una vez curado bajo luz uv o led, crea una base duradera pero flexible que reduce el levantamiento y la rotura. adecuado para reparaci\u00f3n de u\u00f1as, soporte de extensiones de u\u00f1as y manicuras de gel de larga duraci\u00f3n en salones y entornos mayoristas.<\/p>","protected":false},"excerpt":{"rendered":"<p>este gel base de caucho de fibra de vidrio ayuda a reforzar las u\u00f1as d\u00e9biles o da\u00f1adas a la vez que crea una base suave y flexible. repara grietas, a\u00f1ade fuerza y favorece manicuras duraderas sin sensaci\u00f3n de pesadez.<\/p>","protected":false},"featured_media":2325,"template":"","meta":[],"product_brand":[],"product_cat":[18],"product_tag":[508,587,588,98,589,94],"class_list":{"0":"post-2322","1":"product","2":"type-product","3":"status-publish","4":"has-post-thumbnail","6":"product_cat-reinforcing-gel","7":"product_tag-builder-base-gel","8":"product_tag-fiberglass-rubber-base-gel","9":"product_tag-nail-repair-gel","10":"product_tag-private-label-nail-gel","11":"product_tag-salon-nail-supplies","12":"product_tag-wholesale-nail-products","14":"first","15":"instock","16":"shipping-taxable","17":"product-type-simple"},"_links":{"self":[{"href":"https:\/\/bestgelpolish.com\/es\/wp-json\/wp\/v2\/product\/2322","targetHints":{"allow":["GET"]}}],"collection":[{"href":"https:\/\/bestgelpolish.com\/es\/wp-json\/wp\/v2\/product"}],"about":[{"href":"https:\/\/bestgelpolish.com\/es\/wp-json\/wp\/v2\/types\/product"}],"version-history":[{"count":2,"href":"https:\/\/bestgelpolish.com\/es\/wp-json\/wp\/v2\/product\/2322\/revisions"}],"predecessor-version":[{"id":2330,"href":"https:\/\/bestgelpolish.com\/es\/wp-json\/wp\/v2\/product\/2322\/revisions\/2330"}],"wp:featuredmedia":[{"embeddable":true,"href":"https:\/\/bestgelpolish.com\/es\/wp-json\/wp\/v2\/media\/2325"}],"wp:attachment":[{"href":"https:\/\/bestgelpolish.com\/es\/wp-json\/wp\/v2\/media?parent=2322"}],"wp:term":[{"taxonomy":"product_brand","embeddable":true,"href":"https:\/\/bestgelpolish.com\/es\/wp-json\/wp\/v2\/product_brand?post=2322"},{"taxonomy":"product_cat","embeddable":true,"href":"https:\/\/bestgelpolish.com\/es\/wp-json\/wp\/v2\/product_cat?post=2322"},{"taxonomy":"product_tag","embeddable":true,"href":"https:\/\/bestgelpolish.com\/es\/wp-json\/wp\/v2\/product_tag?post=2322"}],"curies":[{"name":"wp","href":"https:\/\/api.w.org\/{rel}","templated":true}]}}