{"id":2168,"date":"2025-12-30T03:00:16","date_gmt":"2025-12-30T03:00:16","guid":{"rendered":"https:\/\/bestgelpolish.com\/?post_type=product&#038;p=2168"},"modified":"2025-12-30T03:01:08","modified_gmt":"2025-12-30T03:01:08","slug":"glitter-11-colors-cosmetic-body-glitter-powder-decoration","status":"publish","type":"product","link":"https:\/\/bestgelpolish.com\/es\/glitter-11-colors-cosmetic-body-glitter-powder-decoration\/","title":{"rendered":"Purpurina 11 Colores Cosm\u00e9tica Corporal Purpurina Polvo Decoraci\u00f3n"},"content":{"rendered":"<p>Nuestra nueva colecci\u00f3n de purpurina fina en polvo ofrece una hermosa gama de 11 colores, pensada para quienes adoran a\u00f1adir un toque de brillo a sus creaciones. Esta purpurina ultrafina de alta calidad es perfecta para maquillaje, u\u00f1as y decoraci\u00f3n corporal. La purpurina est\u00e1 finamente molida para garantizar una aplicaci\u00f3n suave y uniforme, y es f\u00e1cil de difuminar, por lo que resulta ideal tanto para uso profesional como dom\u00e9stico. Tanto si se est\u00e1 preparando para un evento como si est\u00e1 realizando un divertido proyecto de bricolaje, estas purpurinas le ayudar\u00e1n a brillar.<\/p>","protected":false},"excerpt":{"rendered":"<p>Da rienda suelta a tu creatividad con nuestra Nueva Purpurina Fina en Polvo, disponible en 11 llamativos colores. Ya sea para decorar las u\u00f1as, el arte corporal u otros proyectos decorativos, estas purpurinas finas aportan el toque perfecto de chispa y brillo.<\/p>","protected":false},"featured_media":2171,"template":"","meta":[],"product_brand":[],"product_cat":[26],"product_tag":[502,460,504,501,503,210],"class_list":{"0":"post-2168","1":"product","2":"type-product","3":"status-publish","4":"has-post-thumbnail","6":"product_cat-glitter-powder","7":"product_tag-body-glitter","8":"product_tag-cosmetic-glitter","9":"product_tag-decoration-glitter","10":"product_tag-fine-glitter","11":"product_tag-glitter-powder","12":"product_tag-nail-art-glitter","14":"first","15":"instock","16":"shipping-taxable","17":"product-type-simple"},"_links":{"self":[{"href":"https:\/\/bestgelpolish.com\/es\/wp-json\/wp\/v2\/product\/2168","targetHints":{"allow":["GET"]}}],"collection":[{"href":"https:\/\/bestgelpolish.com\/es\/wp-json\/wp\/v2\/product"}],"about":[{"href":"https:\/\/bestgelpolish.com\/es\/wp-json\/wp\/v2\/types\/product"}],"version-history":[{"count":2,"href":"https:\/\/bestgelpolish.com\/es\/wp-json\/wp\/v2\/product\/2168\/revisions"}],"predecessor-version":[{"id":2176,"href":"https:\/\/bestgelpolish.com\/es\/wp-json\/wp\/v2\/product\/2168\/revisions\/2176"}],"wp:featuredmedia":[{"embeddable":true,"href":"https:\/\/bestgelpolish.com\/es\/wp-json\/wp\/v2\/media\/2171"}],"wp:attachment":[{"href":"https:\/\/bestgelpolish.com\/es\/wp-json\/wp\/v2\/media?parent=2168"}],"wp:term":[{"taxonomy":"product_brand","embeddable":true,"href":"https:\/\/bestgelpolish.com\/es\/wp-json\/wp\/v2\/product_brand?post=2168"},{"taxonomy":"product_cat","embeddable":true,"href":"https:\/\/bestgelpolish.com\/es\/wp-json\/wp\/v2\/product_cat?post=2168"},{"taxonomy":"product_tag","embeddable":true,"href":"https:\/\/bestgelpolish.com\/es\/wp-json\/wp\/v2\/product_tag?post=2168"}],"curies":[{"name":"wp","href":"https:\/\/api.w.org\/{rel}","templated":true}]}}