{"id":2096,"date":"2025-12-30T02:13:19","date_gmt":"2025-12-30T02:13:19","guid":{"rendered":"https:\/\/bestgelpolish.com\/?post_type=product&#038;p=2096"},"modified":"2025-12-30T02:13:19","modified_gmt":"2025-12-30T02:13:19","slug":"oem-rubber-base-gel-hema-free-uv-free-sample-private-label","status":"publish","type":"product","link":"https:\/\/bestgelpolish.com\/es\/oem-rubber-base-gel-hema-free-uv-free-sample-private-label\/","title":{"rendered":"OEM Gel de base de caucho sin HEMA UV Muestra gratuita Etiqueta privada"},"content":{"rendered":"<p data-start=\"572\" data-end=\"1021\">la base de goma es el \u201ch\u00e9roe silencioso\u201d de un servicio de gel: realiza el trabajo invisible que mantiene la manicura con un aspecto fresco. este gel de base de goma oem est\u00e1 dise\u00f1ado para asentarse entre la u\u00f1a natural y el color, a\u00f1adiendo un poco de amortiguaci\u00f3n y fuerza para que la superficie tenga un aspecto m\u00e1s suave y se desgaste de forma m\u00e1s uniforme. las cartas de tonos de las im\u00e1genes se inclinan hacia el nude y el lechoso, exactamente los tonos que los salones utilizan a diario para los decorados naturales, los looks franceses y las superposiciones r\u00e1pidas.<\/p>\n<p data-start=\"1023\" data-end=\"1373\">lo que hace que esta l\u00ednea sea f\u00e1cil de convertir en una marca es la gama y el formato. puedes ofrecer los cl\u00e1sicos tonos nude transl\u00facidos, pero tambi\u00e9n puedes a\u00f1adir una base de copos de aluminio (copos mixtos de oro\/plata) para conseguir ese efecto suave y caro de \u201cconfeti en vidrio\u201d que los clientes notan sin que parezca demasiado estridente. es el tipo de textura que convierte una base sencilla en un look de firma.<\/p>\n<p data-start=\"1375\" data-end=\"1717\" data-is-last-node=\"\" data-is-only-node=\"\">para los compradores b2b, la configuraci\u00f3n es pr\u00e1ctica: soporte oem\/odm, opciones de etiqueta privada y muestras gratuitas para que pueda probar la nivelaci\u00f3n, la precisi\u00f3n del tono y la compatibilidad con su sistema de capa superior. cuando est\u00e9 listo para escalar, el suministro de kg a granel ayuda a las f\u00e1bricas y l\u00edneas de llenado a mantener los costes controlados a la vez que se mantienen lotes consistentes para la venta a largo plazo.<\/p>","protected":false},"excerpt":{"rendered":"<p>este gel base de caucho sin hema est\u00e1 pensado para las marcas que desean una base flexible y resistente con una cobertura de aspecto limpio. elija tonos nude suaves o una base de copos de aluminio, y empiece con muestras gratuitas antes de escalar a granel.<\/p>","protected":false},"featured_media":2102,"template":"","meta":[],"product_brand":[],"product_cat":[15,29],"product_tag":[464,124,463,461,462,429],"class_list":{"0":"post-2096","1":"product","2":"type-product","3":"status-publish","4":"has-post-thumbnail","6":"product_cat-base-coat","7":"product_cat-hema-tpo-free-base-coat","8":"product_tag-foil-flakes-base","9":"product_tag-hema-free-base-gel","10":"product_tag-odm-nail-gel-supplier","11":"product_tag-oem-rubber-base-gel","12":"product_tag-private-label-uv-gel","13":"product_tag-wholesale-b2b","15":"first","16":"instock","17":"shipping-taxable","18":"product-type-simple"},"_links":{"self":[{"href":"https:\/\/bestgelpolish.com\/es\/wp-json\/wp\/v2\/product\/2096","targetHints":{"allow":["GET"]}}],"collection":[{"href":"https:\/\/bestgelpolish.com\/es\/wp-json\/wp\/v2\/product"}],"about":[{"href":"https:\/\/bestgelpolish.com\/es\/wp-json\/wp\/v2\/types\/product"}],"version-history":[{"count":1,"href":"https:\/\/bestgelpolish.com\/es\/wp-json\/wp\/v2\/product\/2096\/revisions"}],"predecessor-version":[{"id":2103,"href":"https:\/\/bestgelpolish.com\/es\/wp-json\/wp\/v2\/product\/2096\/revisions\/2103"}],"wp:featuredmedia":[{"embeddable":true,"href":"https:\/\/bestgelpolish.com\/es\/wp-json\/wp\/v2\/media\/2102"}],"wp:attachment":[{"href":"https:\/\/bestgelpolish.com\/es\/wp-json\/wp\/v2\/media?parent=2096"}],"wp:term":[{"taxonomy":"product_brand","embeddable":true,"href":"https:\/\/bestgelpolish.com\/es\/wp-json\/wp\/v2\/product_brand?post=2096"},{"taxonomy":"product_cat","embeddable":true,"href":"https:\/\/bestgelpolish.com\/es\/wp-json\/wp\/v2\/product_cat?post=2096"},{"taxonomy":"product_tag","embeddable":true,"href":"https:\/\/bestgelpolish.com\/es\/wp-json\/wp\/v2\/product_tag?post=2096"}],"curies":[{"name":"wp","href":"https:\/\/api.w.org\/{rel}","templated":true}]}}