{"id":1872,"date":"2025-12-29T03:54:54","date_gmt":"2025-12-29T03:54:54","guid":{"rendered":"https:\/\/bestgelpolish.com\/?post_type=product&#038;p=1872"},"modified":"2025-12-29T03:54:54","modified_gmt":"2025-12-29T03:54:54","slug":"wholesale-hema-free-tpo-free-super-hard-extension-gel-pro","status":"publish","type":"product","link":"https:\/\/bestgelpolish.com\/es\/wholesale-hema-free-tpo-free-super-hard-extension-gel-pro\/","title":{"rendered":"Mayorista HEMA Free TPO Free Super Hard Extension Gel Pro"},"content":{"rendered":"<p data-start=\"657\" data-end=\"983\">esta mousse constructora est\u00e1 pensada para los t\u00e9cnicos que primero quieren control y luego un acabado pulido. notar\u00e1s que el gel se queda donde lo colocas: ideal para construir v\u00e9rtices, reforzar u\u00f1as d\u00e9biles y crear estructuras de extensi\u00f3n con menos retoques. una vez nivelado, deja una superficie sedosa y vidriosa de aspecto suave y natural en rosa nude.<\/p>\n<p data-start=\"985\" data-end=\"1016\">lo que te gustar\u00e1 mientras trabajas:<\/p>\n<ul data-start=\"1017\" data-end=\"1392\" data-is-last-node=\"\" data-is-only-node=\"\">\n<li data-start=\"1017\" data-end=\"1097\">\n<p data-start=\"1019\" data-end=\"1097\">Viscosidad controlada: no fluye con facilidad, por lo que el detallado y el moldeado resultan m\u00e1s tranquilos<\/p>\n<\/li>\n<li data-start=\"1098\" data-end=\"1178\">\n<p data-start=\"1100\" data-end=\"1178\">\u201csoporte \u201dsuperduro\": dise\u00f1ado para mantener la estructura de las extensiones y superposiciones<\/p>\n<\/li>\n<li data-start=\"1179\" data-end=\"1245\">\n<p data-start=\"1181\" data-end=\"1245\">acabado suave y terso: ayuda a que las u\u00f1as parezcan m\u00e1s rellenas y refinadas<\/p>\n<\/li>\n<li data-start=\"1246\" data-end=\"1320\">\n<p data-start=\"1248\" data-end=\"1320\">sin hema y sin tpo: alineado con los salones que prefieren estas exclusiones<\/p>\n<\/li>\n<li data-start=\"1321\" data-end=\"1392\" data-is-last-node=\"\">\n<p data-start=\"1323\" data-end=\"1392\" data-is-last-node=\"\">f\u00f3rmula pro-friendly: posicionada para operaciones de manicura profesional<\/p>\n<\/li>\n<\/ul>","protected":false},"excerpt":{"rendered":"<p>un gel duro de caucho rosa nude con un tacto de mousse que proporciona a las u\u00f1as un aspecto suave y terso. la textura espesa y controlada mantiene su forma, para que puedas construir, esculpir y extender sin que se corra. formulado sin hema y sin tpo para un perfil de ingredientes m\u00e1s limpio.<\/p>","protected":false},"featured_media":1873,"template":"","meta":[],"product_brand":[],"product_cat":[20],"product_tag":[357,360,361,359,358,68],"class_list":{"0":"post-1872","1":"product","2":"type-product","3":"status-publish","4":"has-post-thumbnail","6":"product_cat-builder-in-a-bottle-gel","7":"product_tag-hema-free-builder-gel","8":"product_tag-nude-pink-builder-mousse","9":"product_tag-professional-extension-gel","10":"product_tag-super-hard-extension-gel","11":"product_tag-tpo-free-control-gel","12":"product_tag-wholesale-nail-gel","14":"first","15":"instock","16":"shipping-taxable","17":"product-type-simple"},"_links":{"self":[{"href":"https:\/\/bestgelpolish.com\/es\/wp-json\/wp\/v2\/product\/1872","targetHints":{"allow":["GET"]}}],"collection":[{"href":"https:\/\/bestgelpolish.com\/es\/wp-json\/wp\/v2\/product"}],"about":[{"href":"https:\/\/bestgelpolish.com\/es\/wp-json\/wp\/v2\/types\/product"}],"version-history":[{"count":2,"href":"https:\/\/bestgelpolish.com\/es\/wp-json\/wp\/v2\/product\/1872\/revisions"}],"predecessor-version":[{"id":1881,"href":"https:\/\/bestgelpolish.com\/es\/wp-json\/wp\/v2\/product\/1872\/revisions\/1881"}],"wp:featuredmedia":[{"embeddable":true,"href":"https:\/\/bestgelpolish.com\/es\/wp-json\/wp\/v2\/media\/1873"}],"wp:attachment":[{"href":"https:\/\/bestgelpolish.com\/es\/wp-json\/wp\/v2\/media?parent=1872"}],"wp:term":[{"taxonomy":"product_brand","embeddable":true,"href":"https:\/\/bestgelpolish.com\/es\/wp-json\/wp\/v2\/product_brand?post=1872"},{"taxonomy":"product_cat","embeddable":true,"href":"https:\/\/bestgelpolish.com\/es\/wp-json\/wp\/v2\/product_cat?post=1872"},{"taxonomy":"product_tag","embeddable":true,"href":"https:\/\/bestgelpolish.com\/es\/wp-json\/wp\/v2\/product_tag?post=1872"}],"curies":[{"name":"wp","href":"https:\/\/api.w.org\/{rel}","templated":true}]}}