{"id":1855,"date":"2025-12-29T03:12:03","date_gmt":"2025-12-29T03:12:03","guid":{"rendered":"https:\/\/bestgelpolish.com\/?post_type=product&#038;p=1855"},"modified":"2025-12-29T03:12:03","modified_gmt":"2025-12-29T03:12:03","slug":"wholesale-fiberglass-rubber-base-gel-nail-repair-builder","status":"publish","type":"product","link":"https:\/\/bestgelpolish.com\/es\/wholesale-fiberglass-rubber-base-gel-nail-repair-builder\/","title":{"rendered":"Mayorista Base de Goma de Fibra de Vidrio Gel Reparador de U\u00f1as Constructor"},"content":{"rendered":"<p>el gel constructor con base de caucho de fibra de vidrio es una herramienta esencial para el cuidado y el arte profesional de las u\u00f1as. formulado para reparar y fortalecer las u\u00f1as, proporciona una base s\u00f3lida para todos los dise\u00f1os de u\u00f1as. tanto si se utiliza para u\u00f1as naturales como para mejoras, este gel garantiza un acabado duradero y flexible que resiste la rotura y el desconchado. la textura suave del gel facilita su aplicaci\u00f3n, y se cura perfectamente bajo luz uv o led. disponible en un tama\u00f1o de 150 ml para salones y marcas privadas, es la soluci\u00f3n perfecta para fortalecer y mejorar la salud de las u\u00f1as con cada aplicaci\u00f3n.<\/p>","protected":false},"excerpt":{"rendered":"<p>este gel base de caucho de fibra de vidrio es perfecto para fortalecer y reparar las u\u00f1as. con una aplicaci\u00f3n suave y un acabado duradero, ayuda a construir una base s\u00f3lida para sus dise\u00f1os de u\u00f1as.<\/p>","protected":false},"featured_media":1861,"template":"","meta":[],"product_brand":[],"product_cat":[18],"product_tag":[350,351,98,353,352,295],"class_list":{"0":"post-1855","1":"product","2":"type-product","3":"status-publish","4":"has-post-thumbnail","6":"product_cat-reinforcing-gel","7":"product_tag-fiberglass-rubber-base","8":"product_tag-nail-builder-gel","9":"product_tag-private-label-nail-gel","10":"product_tag-repair-nail-gel","11":"product_tag-strengthening-gel","12":"product_tag-wholesale","14":"first","15":"instock","16":"shipping-taxable","17":"product-type-simple"},"_links":{"self":[{"href":"https:\/\/bestgelpolish.com\/es\/wp-json\/wp\/v2\/product\/1855","targetHints":{"allow":["GET"]}}],"collection":[{"href":"https:\/\/bestgelpolish.com\/es\/wp-json\/wp\/v2\/product"}],"about":[{"href":"https:\/\/bestgelpolish.com\/es\/wp-json\/wp\/v2\/types\/product"}],"version-history":[{"count":1,"href":"https:\/\/bestgelpolish.com\/es\/wp-json\/wp\/v2\/product\/1855\/revisions"}],"predecessor-version":[{"id":1862,"href":"https:\/\/bestgelpolish.com\/es\/wp-json\/wp\/v2\/product\/1855\/revisions\/1862"}],"wp:featuredmedia":[{"embeddable":true,"href":"https:\/\/bestgelpolish.com\/es\/wp-json\/wp\/v2\/media\/1861"}],"wp:attachment":[{"href":"https:\/\/bestgelpolish.com\/es\/wp-json\/wp\/v2\/media?parent=1855"}],"wp:term":[{"taxonomy":"product_brand","embeddable":true,"href":"https:\/\/bestgelpolish.com\/es\/wp-json\/wp\/v2\/product_brand?post=1855"},{"taxonomy":"product_cat","embeddable":true,"href":"https:\/\/bestgelpolish.com\/es\/wp-json\/wp\/v2\/product_cat?post=1855"},{"taxonomy":"product_tag","embeddable":true,"href":"https:\/\/bestgelpolish.com\/es\/wp-json\/wp\/v2\/product_tag?post=1855"}],"curies":[{"name":"wp","href":"https:\/\/api.w.org\/{rel}","templated":true}]}}