{"id":1816,"date":"2025-12-29T02:50:43","date_gmt":"2025-12-29T02:50:43","guid":{"rendered":"https:\/\/bestgelpolish.com\/?post_type=product&#038;p=1816"},"modified":"2025-12-29T02:50:43","modified_gmt":"2025-12-29T02:50:43","slug":"wholesale-1kg-colorful-rubber-base-uv-gel-polish-bulk","status":"publish","type":"product","link":"https:\/\/bestgelpolish.com\/es\/wholesale-1kg-colorful-rubber-base-uv-gel-polish-bulk\/","title":{"rendered":"Mayorista 1KG Colorido Base de Goma UV Gel Polish Granel"},"content":{"rendered":"<p>caixuan colorful rubber base uv gel polish es una soluci\u00f3n ideal para salones profesionales, ya que ofrece una gama vers\u00e1til de 92 impresionantes colores. Este esmalte en gel proporciona una aplicaci\u00f3n suave y f\u00e1cil con un acabado duradero que resiste el descascarillado y la decoloraci\u00f3n. La base de caucho garantiza flexibilidad y resistencia, por lo que es perfecto tanto para u\u00f1as naturales como artificiales. Disponible en una capacidad de 1 kg a granel, ofrece una excelente relaci\u00f3n calidad-precio para su uso en grandes vol\u00famenes en salones o empresas. Este esmalte de gel ofrece unos resultados vibrantes y de calidad en cada aplicaci\u00f3n, tanto si se trata de crear un bonito arte en las u\u00f1as como de proporcionar a las clientas unas u\u00f1as brillantes y duraderas.<\/p>","protected":false},"excerpt":{"rendered":"<p data-start=\"479\" data-end=\"667\">caixuan colorful rubber base uv gel polish ofrece una aplicaci\u00f3n suave y un brillo duradero. con 92 colores vibrantes y una capacidad de 1KG a granel, es perfecto para salones y uso profesional.<\/p>","protected":false},"featured_media":1819,"template":"","meta":[],"product_brand":[],"product_cat":[15,30],"product_tag":[336,335,232,139,87,295],"class_list":{"0":"post-1816","1":"product","2":"type-product","3":"status-publish","4":"has-post-thumbnail","6":"product_cat-base-coat","7":"product_cat-colored-rubber-base","8":"product_tag-bulk-capacity","9":"product_tag-colorful-gel-polish","10":"product_tag-professional-nail-gel","11":"product_tag-rubber-base-gel","12":"product_tag-uv-gel-polish","13":"product_tag-wholesale","15":"first","16":"instock","17":"shipping-taxable","18":"product-type-simple"},"_links":{"self":[{"href":"https:\/\/bestgelpolish.com\/es\/wp-json\/wp\/v2\/product\/1816","targetHints":{"allow":["GET"]}}],"collection":[{"href":"https:\/\/bestgelpolish.com\/es\/wp-json\/wp\/v2\/product"}],"about":[{"href":"https:\/\/bestgelpolish.com\/es\/wp-json\/wp\/v2\/types\/product"}],"version-history":[{"count":1,"href":"https:\/\/bestgelpolish.com\/es\/wp-json\/wp\/v2\/product\/1816\/revisions"}],"predecessor-version":[{"id":1823,"href":"https:\/\/bestgelpolish.com\/es\/wp-json\/wp\/v2\/product\/1816\/revisions\/1823"}],"wp:featuredmedia":[{"embeddable":true,"href":"https:\/\/bestgelpolish.com\/es\/wp-json\/wp\/v2\/media\/1819"}],"wp:attachment":[{"href":"https:\/\/bestgelpolish.com\/es\/wp-json\/wp\/v2\/media?parent=1816"}],"wp:term":[{"taxonomy":"product_brand","embeddable":true,"href":"https:\/\/bestgelpolish.com\/es\/wp-json\/wp\/v2\/product_brand?post=1816"},{"taxonomy":"product_cat","embeddable":true,"href":"https:\/\/bestgelpolish.com\/es\/wp-json\/wp\/v2\/product_cat?post=1816"},{"taxonomy":"product_tag","embeddable":true,"href":"https:\/\/bestgelpolish.com\/es\/wp-json\/wp\/v2\/product_tag?post=1816"}],"curies":[{"name":"wp","href":"https:\/\/api.w.org\/{rel}","templated":true}]}}