{"id":1722,"date":"2025-12-27T13:06:26","date_gmt":"2025-12-27T13:06:26","guid":{"rendered":"https:\/\/bestgelpolish.com\/?post_type=product&#038;p=1722"},"modified":"2025-12-27T13:06:26","modified_gmt":"2025-12-27T13:06:26","slug":"born-pretty-5-in-1-no-sticky-acrylic-extension-gel-nail-art","status":"publish","type":"product","link":"https:\/\/bestgelpolish.com\/es\/born-pretty-5-in-1-no-sticky-acrylic-extension-gel-nail-art\/","title":{"rendered":"Born Pretty 5 en 1 Extensi\u00f3n acr\u00edlica no pegajosa Gel Nail Art"},"content":{"rendered":"<p>Born Pretty Pro 5-en-1 No Sticky Acrylic Extension Solid Builder Nail Gel es un gel vers\u00e1til y f\u00e1cil de usar que permite crear intrincados dise\u00f1os en 3D y u\u00f1as gelatinosas suaves y lechosas. El gel proporciona un acabado no pegajoso, por lo que es perfecto para crear extensiones y nail art impecables. Es ideal para artistas de u\u00f1as profesionales o entusiastas del bricolaje que buscan u\u00f1as duraderas y resistentes. Este gel constructor es perfecto para esculpir, dar forma y a\u00f1adir un toque creativo a cualquier dise\u00f1o de u\u00f1as. Tanto si busca un acabado elegante y brillante como un aspecto art\u00edstico y divertido, este gel garantiza unas u\u00f1as bonitas y naturales que duran.<\/p>","protected":false},"excerpt":{"rendered":"<p>Crea nail art profesionales con el gel de extensi\u00f3n 5 en 1 no pegajoso Born Pretty. Ideal para esculpir en 3D, dar forma y crear dise\u00f1os de gelatina lechosa con un acabado suave y no pegajoso.<\/p>","protected":false},"featured_media":1729,"template":"","meta":[],"product_brand":[],"product_cat":[19],"product_tag":[290,156,289,291,184,97],"class_list":{"0":"post-1722","1":"product","2":"type-product","3":"status-publish","4":"has-post-thumbnail","6":"product_cat-builder-gel","7":"product_tag-3d-carving-gel","8":"product_tag-acrylic-nail-gel","9":"product_tag-born-pretty","10":"product_tag-hard-builder-gel","11":"product_tag-jelly-nail-gel","12":"product_tag-nail-extension-gel","14":"first","15":"instock","16":"shipping-taxable","17":"product-type-simple"},"_links":{"self":[{"href":"https:\/\/bestgelpolish.com\/es\/wp-json\/wp\/v2\/product\/1722","targetHints":{"allow":["GET"]}}],"collection":[{"href":"https:\/\/bestgelpolish.com\/es\/wp-json\/wp\/v2\/product"}],"about":[{"href":"https:\/\/bestgelpolish.com\/es\/wp-json\/wp\/v2\/types\/product"}],"version-history":[{"count":2,"href":"https:\/\/bestgelpolish.com\/es\/wp-json\/wp\/v2\/product\/1722\/revisions"}],"predecessor-version":[{"id":3430,"href":"https:\/\/bestgelpolish.com\/es\/wp-json\/wp\/v2\/product\/1722\/revisions\/3430"}],"wp:featuredmedia":[{"embeddable":true,"href":"https:\/\/bestgelpolish.com\/es\/wp-json\/wp\/v2\/media\/1729"}],"wp:attachment":[{"href":"https:\/\/bestgelpolish.com\/es\/wp-json\/wp\/v2\/media?parent=1722"}],"wp:term":[{"taxonomy":"product_brand","embeddable":true,"href":"https:\/\/bestgelpolish.com\/es\/wp-json\/wp\/v2\/product_brand?post=1722"},{"taxonomy":"product_cat","embeddable":true,"href":"https:\/\/bestgelpolish.com\/es\/wp-json\/wp\/v2\/product_cat?post=1722"},{"taxonomy":"product_tag","embeddable":true,"href":"https:\/\/bestgelpolish.com\/es\/wp-json\/wp\/v2\/product_tag?post=1722"}],"curies":[{"name":"wp","href":"https:\/\/api.w.org\/{rel}","templated":true}]}}