{"id":1704,"date":"2025-12-26T09:59:31","date_gmt":"2025-12-26T09:59:31","guid":{"rendered":"https:\/\/bestgelpolish.com\/?post_type=product&#038;p=1704"},"modified":"2025-12-26T09:59:31","modified_gmt":"2025-12-26T09:59:31","slug":"nude-builder-extension-gel-in-natural-shades-wholesale-kit","status":"publish","type":"product","link":"https:\/\/bestgelpolish.com\/es\/nude-builder-extension-gel-in-natural-shades-wholesale-kit\/","title":{"rendered":"Kit al por mayor de gel alargador Nude en tonos naturales"},"content":{"rendered":"<p>el gel kinnco nude builder est\u00e1 hecho para el look \u201ctus u\u00f1as pero mejor\u201d: rosas lechosos limpios, nudes ruborizados y tonos beige c\u00e1lidos como los de las muestras de la imagen. la textura se autonivela para borrar las l\u00edneas del pincel y luego refuerza las superposiciones, las extensiones cortas y el soporte del \u00e1pice sin sensaci\u00f3n de volumen. se lima suavemente, mantiene la forma mientras trabajas y se endurece en una superficie duradera y vidriosa que mantiene las u\u00f1as naturales protegidas durante el uso diario. para los compradores b2b, apoyamos la marca privada oem\/odm con la combinaci\u00f3n de tonos, la marca, el envasado y el suministro estable para salones y distribuidores.<\/p>","protected":false},"excerpt":{"rendered":"<p>gel constructor kinnco nude en suaves tonos naturales para superposiciones y extensiones. autonivelante, fuerte pero flexible, f\u00e1cil de moldear, cura suave y brillante-hecho para marca blanca b2b.<\/p>","protected":false},"featured_media":1710,"template":"","meta":[],"product_brand":[],"product_cat":[21],"product_tag":[282,78,281,280,277,283],"class_list":{"0":"post-1704","1":"product","2":"type-product","3":"status-publish","4":"has-post-thumbnail","6":"product_cat-poly-gel","7":"product_tag-extension-gel-overlay","8":"product_tag-hema-tpo-free-gel","9":"product_tag-natural-shade-builder","10":"product_tag-nude-builder-gel","11":"product_tag-private-label-oem-odm","12":"product_tag-salon-supply-wholesale","14":"first","15":"instock","16":"shipping-taxable","17":"product-type-simple"},"_links":{"self":[{"href":"https:\/\/bestgelpolish.com\/es\/wp-json\/wp\/v2\/product\/1704","targetHints":{"allow":["GET"]}}],"collection":[{"href":"https:\/\/bestgelpolish.com\/es\/wp-json\/wp\/v2\/product"}],"about":[{"href":"https:\/\/bestgelpolish.com\/es\/wp-json\/wp\/v2\/types\/product"}],"version-history":[{"count":1,"href":"https:\/\/bestgelpolish.com\/es\/wp-json\/wp\/v2\/product\/1704\/revisions"}],"predecessor-version":[{"id":1711,"href":"https:\/\/bestgelpolish.com\/es\/wp-json\/wp\/v2\/product\/1704\/revisions\/1711"}],"wp:featuredmedia":[{"embeddable":true,"href":"https:\/\/bestgelpolish.com\/es\/wp-json\/wp\/v2\/media\/1710"}],"wp:attachment":[{"href":"https:\/\/bestgelpolish.com\/es\/wp-json\/wp\/v2\/media?parent=1704"}],"wp:term":[{"taxonomy":"product_brand","embeddable":true,"href":"https:\/\/bestgelpolish.com\/es\/wp-json\/wp\/v2\/product_brand?post=1704"},{"taxonomy":"product_cat","embeddable":true,"href":"https:\/\/bestgelpolish.com\/es\/wp-json\/wp\/v2\/product_cat?post=1704"},{"taxonomy":"product_tag","embeddable":true,"href":"https:\/\/bestgelpolish.com\/es\/wp-json\/wp\/v2\/product_tag?post=1704"}],"curies":[{"name":"wp","href":"https:\/\/api.w.org\/{rel}","templated":true}]}}