{"id":1641,"date":"2025-12-26T09:37:00","date_gmt":"2025-12-26T09:37:00","guid":{"rendered":"https:\/\/bestgelpolish.com\/?post_type=product&#038;p=1641"},"modified":"2025-12-26T09:37:00","modified_gmt":"2025-12-26T09:37:00","slug":"wholesale-holographic-aurora-rainbow-cat-eye-gel-polish","status":"publish","type":"product","link":"https:\/\/bestgelpolish.com\/es\/wholesale-holographic-aurora-rainbow-cat-eye-gel-polish\/","title":{"rendered":"Mayorista Esmalte de Gel Hologr\u00e1fico Aurora Rainbow Cat Eye"},"content":{"rendered":"<p>este gel magn\u00e9tico hologr\u00e1fico aurora cat eye est\u00e1 hecho para ese brillo de \u201cmira dos veces\u201d. la base transparente y vidriosa est\u00e1 repleta de brillos l\u00e1ser, despu\u00e9s un im\u00e1n atrae los pigmentos formando una cinta arco iris brillante, suave, dimensional e infinitamente reflectante. \u00fasalo solo para un brillo celestial puro o ponlo sobre tonos nude o profundos para amplificar el contraste. la f\u00f3rmula se autonivela para un acabado limpio, se endurece bajo rayos uv\/leds y sella el brillo para una larga duraci\u00f3n. perfecto para compradores b2b: rendimiento apto para salones de belleza, cambio de color uniforme y opciones oem\/etiqueta privada para frascos, etiquetas y envases. ideal para conjuntos de moda, lanzamientos de temporada y expositores minoristas que necesitan un efecto sorpresa instant\u00e1neo.<\/p>","protected":false},"excerpt":{"rendered":"<p>gel hologr\u00e1fico aurora cat eye que lanza luz de arco iris con cada movimiento. el efecto magn\u00e9tico crea una banda brillante sobre una base de brillo transparente. curado uv\/led, aplicaci\u00f3n suave. b2b al por mayor.<\/p>","protected":false},"featured_media":1644,"template":"","meta":[],"product_brand":[],"product_cat":[23,34],"product_tag":[239,243,238,241,240,242],"class_list":{"0":"post-1641","1":"product","2":"type-product","3":"status-publish","4":"has-post-thumbnail","6":"product_cat-color-gel","7":"product_cat-glitter-color-gel","8":"product_tag-aurora-rainbow-magnetic-gel","9":"product_tag-b2b-wholesale-oem","10":"product_tag-holographic-cat-eye-gel","11":"product_tag-laser-shimmer-gel","12":"product_tag-reflective-sparkle-nail-polish","13":"product_tag-uv-led-gel-polish","15":"first","16":"instock","17":"shipping-taxable","18":"product-type-simple"},"_links":{"self":[{"href":"https:\/\/bestgelpolish.com\/es\/wp-json\/wp\/v2\/product\/1641","targetHints":{"allow":["GET"]}}],"collection":[{"href":"https:\/\/bestgelpolish.com\/es\/wp-json\/wp\/v2\/product"}],"about":[{"href":"https:\/\/bestgelpolish.com\/es\/wp-json\/wp\/v2\/types\/product"}],"version-history":[{"count":2,"href":"https:\/\/bestgelpolish.com\/es\/wp-json\/wp\/v2\/product\/1641\/revisions"}],"predecessor-version":[{"id":1648,"href":"https:\/\/bestgelpolish.com\/es\/wp-json\/wp\/v2\/product\/1641\/revisions\/1648"}],"wp:featuredmedia":[{"embeddable":true,"href":"https:\/\/bestgelpolish.com\/es\/wp-json\/wp\/v2\/media\/1644"}],"wp:attachment":[{"href":"https:\/\/bestgelpolish.com\/es\/wp-json\/wp\/v2\/media?parent=1641"}],"wp:term":[{"taxonomy":"product_brand","embeddable":true,"href":"https:\/\/bestgelpolish.com\/es\/wp-json\/wp\/v2\/product_brand?post=1641"},{"taxonomy":"product_cat","embeddable":true,"href":"https:\/\/bestgelpolish.com\/es\/wp-json\/wp\/v2\/product_cat?post=1641"},{"taxonomy":"product_tag","embeddable":true,"href":"https:\/\/bestgelpolish.com\/es\/wp-json\/wp\/v2\/product_tag?post=1641"}],"curies":[{"name":"wp","href":"https:\/\/api.w.org\/{rel}","templated":true}]}}