{"id":1482,"date":"2025-12-26T08:25:37","date_gmt":"2025-12-26T08:25:37","guid":{"rendered":"https:\/\/bestgelpolish.com\/?post_type=product&#038;p=1482"},"modified":"2025-12-26T08:25:37","modified_gmt":"2025-12-26T08:25:37","slug":"bulk-8-colors-summer-sparkling-water-glass-beads-cat-eye-gel","status":"publish","type":"product","link":"https:\/\/bestgelpolish.com\/es\/bulk-8-colors-summer-sparkling-water-glass-beads-cat-eye-gel\/","title":{"rendered":"A granel 8 colores de verano espumosos perlas de vidrio de agua Cat Eye Gel"},"content":{"rendered":"<p>Presentamos nuestro esmalte de gel de ojos de gato con perlas de cristal de agua chispeante en 8 colores, imprescindible para las entusiastas y profesionales de las u\u00f1as. Esta f\u00f3rmula japonesa en gel crea impresionantes y jugosos efectos de ojos de gato con un destello de color vibrante. Su suave textura hace que sea f\u00e1cil de aplicar, mientras que las exclusivas perlas de cristal a\u00f1aden un acabado chispeante similar al agua. Perfecto para crear llamativas u\u00f1as de verano, el gel es de larga duraci\u00f3n y ofrece un brillo intenso. Este esmalte de gel es perfecto para salones de manicura y manicuristas aficionados. Disponible a granel para empresas.<\/p>","protected":false},"excerpt":{"rendered":"<p>Cree hipnotizantes efectos de ojos de gato con nuestro esmalte en gel para ojos de gato de 8 colores de brillantes perlas de cristal de agua. Este gel japon\u00e9s da un aspecto jugoso y destellante perfecto para las u\u00f1as de verano. Disponible a granel.<\/p>","protected":false},"featured_media":1488,"template":"","meta":[],"product_brand":[],"product_cat":[23,35],"product_tag":[149,144,148,147,145,146],"class_list":{"0":"post-1482","1":"product","2":"type-product","3":"status-publish","4":"has-post-thumbnail","6":"product_cat-color-gel","7":"product_cat-cat-eyes-gel","8":"product_tag-bulk-gel-polish","9":"product_tag-cat-eye-gel","10":"product_tag-japanese-gel-polish","11":"product_tag-juicy-cat-eye","12":"product_tag-sparkling-water-gel","13":"product_tag-summer-gel-polish","15":"first","16":"instock","17":"shipping-taxable","18":"product-type-simple"},"_links":{"self":[{"href":"https:\/\/bestgelpolish.com\/es\/wp-json\/wp\/v2\/product\/1482","targetHints":{"allow":["GET"]}}],"collection":[{"href":"https:\/\/bestgelpolish.com\/es\/wp-json\/wp\/v2\/product"}],"about":[{"href":"https:\/\/bestgelpolish.com\/es\/wp-json\/wp\/v2\/types\/product"}],"version-history":[{"count":2,"href":"https:\/\/bestgelpolish.com\/es\/wp-json\/wp\/v2\/product\/1482\/revisions"}],"predecessor-version":[{"id":1490,"href":"https:\/\/bestgelpolish.com\/es\/wp-json\/wp\/v2\/product\/1482\/revisions\/1490"}],"wp:featuredmedia":[{"embeddable":true,"href":"https:\/\/bestgelpolish.com\/es\/wp-json\/wp\/v2\/media\/1488"}],"wp:attachment":[{"href":"https:\/\/bestgelpolish.com\/es\/wp-json\/wp\/v2\/media?parent=1482"}],"wp:term":[{"taxonomy":"product_brand","embeddable":true,"href":"https:\/\/bestgelpolish.com\/es\/wp-json\/wp\/v2\/product_brand?post=1482"},{"taxonomy":"product_cat","embeddable":true,"href":"https:\/\/bestgelpolish.com\/es\/wp-json\/wp\/v2\/product_cat?post=1482"},{"taxonomy":"product_tag","embeddable":true,"href":"https:\/\/bestgelpolish.com\/es\/wp-json\/wp\/v2\/product_tag?post=1482"}],"curies":[{"name":"wp","href":"https:\/\/api.w.org\/{rel}","templated":true}]}}