{"id":1415,"date":"2025-12-26T06:28:37","date_gmt":"2025-12-26T06:28:37","guid":{"rendered":"https:\/\/bestgelpolish.com\/?post_type=product&#038;p=1415"},"modified":"2025-12-26T06:28:37","modified_gmt":"2025-12-26T06:28:37","slug":"wholesale-20-colors-gradient-ombre-nail-gel-soak-off-for-b2b","status":"publish","type":"product","link":"https:\/\/bestgelpolish.com\/es\/wholesale-20-colors-gradient-ombre-nail-gel-soak-off-for-b2b\/","title":{"rendered":"Mayorista 20 Colores Gradiente Ombre Gel de U\u00f1as Soak-Off para B2B"},"content":{"rendered":"<p>Nuestro gel de u\u00f1as ombre degradado de 20 colores ofrece una gama de tonos impresionantes que son perfectos para crear el popular efecto de u\u00f1as ombre. La f\u00f3rmula soak-off es f\u00e1cil de aplicar, proporcionando a las u\u00f1as un acabado suave e impecable sin complicaciones. Este gel es altamente pigmentado, proporcionando un color intenso con un m\u00ednimo de capas y tiempo de secado bajo luz UV\/LED. Tanto si desea crear un suave degradado pastel como un atrevido y vibrante ombre, este gel ofrece resultados uniformes y duraderos. Ideal para salones, profesionales de la belleza y distribuidores mayoristas, ofrece una soluci\u00f3n perfecta para servicios de nail art de alta calidad.<\/p>","protected":false},"excerpt":{"rendered":"<p>aplicar, ofrece una cobertura suave y colores vibrantes, ideal para salones y proveedores B2B.<\/p>","protected":false},"featured_media":1418,"template":"","meta":[],"product_brand":[],"product_cat":[25],"product_tag":[101,103,100,104,102,94],"class_list":{"0":"post-1415","1":"product","2":"type-product","3":"status-publish","4":"has-post-thumbnail","6":"product_cat-patting-gel","7":"product_tag-gradient-effect-gel","8":"product_tag-nail-painting-gel","9":"product_tag-ombre-nail-gel","10":"product_tag-pat-paint-gel","11":"product_tag-soak-off-gel","12":"product_tag-wholesale-nail-products","14":"first","15":"instock","16":"shipping-taxable","17":"product-type-simple"},"_links":{"self":[{"href":"https:\/\/bestgelpolish.com\/es\/wp-json\/wp\/v2\/product\/1415","targetHints":{"allow":["GET"]}}],"collection":[{"href":"https:\/\/bestgelpolish.com\/es\/wp-json\/wp\/v2\/product"}],"about":[{"href":"https:\/\/bestgelpolish.com\/es\/wp-json\/wp\/v2\/types\/product"}],"version-history":[{"count":1,"href":"https:\/\/bestgelpolish.com\/es\/wp-json\/wp\/v2\/product\/1415\/revisions"}],"predecessor-version":[{"id":1422,"href":"https:\/\/bestgelpolish.com\/es\/wp-json\/wp\/v2\/product\/1415\/revisions\/1422"}],"wp:featuredmedia":[{"embeddable":true,"href":"https:\/\/bestgelpolish.com\/es\/wp-json\/wp\/v2\/media\/1418"}],"wp:attachment":[{"href":"https:\/\/bestgelpolish.com\/es\/wp-json\/wp\/v2\/media?parent=1415"}],"wp:term":[{"taxonomy":"product_brand","embeddable":true,"href":"https:\/\/bestgelpolish.com\/es\/wp-json\/wp\/v2\/product_brand?post=1415"},{"taxonomy":"product_cat","embeddable":true,"href":"https:\/\/bestgelpolish.com\/es\/wp-json\/wp\/v2\/product_cat?post=1415"},{"taxonomy":"product_tag","embeddable":true,"href":"https:\/\/bestgelpolish.com\/es\/wp-json\/wp\/v2\/product_tag?post=1415"}],"curies":[{"name":"wp","href":"https:\/\/api.w.org\/{rel}","templated":true}]}}