{"id":1397,"date":"2025-12-26T06:20:19","date_gmt":"2025-12-26T06:20:19","guid":{"rendered":"https:\/\/bestgelpolish.com\/?post_type=product&#038;p=1397"},"modified":"2025-12-26T06:20:32","modified_gmt":"2025-12-26T06:20:32","slug":"wholesale-oem-1kg-self-leveling-reinforce-nail-repair-gel","status":"publish","type":"product","link":"https:\/\/bestgelpolish.com\/es\/wholesale-oem-1kg-self-leveling-reinforce-nail-repair-gel\/","title":{"rendered":"Venta al por mayor OEM 1KG Refuerzo autonivelante Gel reparador de u\u00f1as"},"content":{"rendered":"<p>Nuestro gel de refuerzo autonivelante de 1KG est\u00e1 dise\u00f1ado para restaurar y fortalecer las u\u00f1as d\u00e9biles o da\u00f1adas. Gracias a su suave aplicaci\u00f3n, el gel se nivela sin esfuerzo, creando un acabado perfecto. Es ideal para su uso en u\u00f1as que necesitan reparaci\u00f3n, ya que ayuda a mejorar la resistencia y el aspecto de las u\u00f1as, haci\u00e9ndolas menos propensas a la rotura. El gran tama\u00f1o de 1KG es perfecto para mayoristas, salones y uso profesional. Este producto es perfecto para quienes buscan tratar las u\u00f1as d\u00e9biles y proporcionarles una resistencia duradera. Tanto si se utiliza como capa base o solo, garantiza una mejor salud y aspecto de las u\u00f1as.<\/p>","protected":false},"excerpt":{"rendered":"<p>Este gel de refuerzo autonivelante de 1KG es perfecto para tratar u\u00f1as d\u00e9biles y da\u00f1adas. Fortalece y repara, proporcionando una superficie lisa y duradera. Ideal para profesionales mayoristas y de salones de belleza.<\/p>","protected":false},"featured_media":1403,"template":"","meta":[],"product_brand":[],"product_cat":[18],"product_tag":[95,90,91,92,93,94],"class_list":{"0":"post-1397","1":"product","2":"type-product","3":"status-publish","4":"has-post-thumbnail","6":"product_cat-reinforcing-gel","7":"product_tag-nail-polish-gel","8":"product_tag-nail-strengthener","9":"product_tag-reinforce-gel","10":"product_tag-repair-damaged-nails","11":"product_tag-self-leveling-gel","12":"product_tag-wholesale-nail-products","14":"first","15":"instock","16":"shipping-taxable","17":"product-type-simple"},"_links":{"self":[{"href":"https:\/\/bestgelpolish.com\/es\/wp-json\/wp\/v2\/product\/1397","targetHints":{"allow":["GET"]}}],"collection":[{"href":"https:\/\/bestgelpolish.com\/es\/wp-json\/wp\/v2\/product"}],"about":[{"href":"https:\/\/bestgelpolish.com\/es\/wp-json\/wp\/v2\/types\/product"}],"version-history":[{"count":2,"href":"https:\/\/bestgelpolish.com\/es\/wp-json\/wp\/v2\/product\/1397\/revisions"}],"predecessor-version":[{"id":1405,"href":"https:\/\/bestgelpolish.com\/es\/wp-json\/wp\/v2\/product\/1397\/revisions\/1405"}],"wp:featuredmedia":[{"embeddable":true,"href":"https:\/\/bestgelpolish.com\/es\/wp-json\/wp\/v2\/media\/1403"}],"wp:attachment":[{"href":"https:\/\/bestgelpolish.com\/es\/wp-json\/wp\/v2\/media?parent=1397"}],"wp:term":[{"taxonomy":"product_brand","embeddable":true,"href":"https:\/\/bestgelpolish.com\/es\/wp-json\/wp\/v2\/product_brand?post=1397"},{"taxonomy":"product_cat","embeddable":true,"href":"https:\/\/bestgelpolish.com\/es\/wp-json\/wp\/v2\/product_cat?post=1397"},{"taxonomy":"product_tag","embeddable":true,"href":"https:\/\/bestgelpolish.com\/es\/wp-json\/wp\/v2\/product_tag?post=1397"}],"curies":[{"name":"wp","href":"https:\/\/api.w.org\/{rel}","templated":true}]}}