{"id":2430,"date":"2025-12-30T09:33:42","date_gmt":"2025-12-30T09:33:42","guid":{"rendered":"https:\/\/bestgelpolish.com\/?post_type=product&#038;p=2430"},"modified":"2025-12-30T09:33:42","modified_gmt":"2025-12-30T09:33:42","slug":"wholesale-long-lasting-odorless-pink-rubber-base-coat-gel","status":"publish","type":"product","link":"https:\/\/bestgelpolish.com\/de\/wholesale-long-lasting-odorless-pink-rubber-base-coat-gel\/","title":{"rendered":"Gro\u00dfhandel Langlebige geruchlos rosa Gummi Grundierung Gel"},"content":{"rendered":"<p>Dieser funktionelle rosa Gummibasislack ist ein Muss f\u00fcr jeden Nailart-Enthusiasten oder professionellen Salon. Seine geruchsneutrale Formel sorgt f\u00fcr ein angenehmes Erlebnis, w\u00e4hrend die starke Haftung und der glatte Auftrag eine perfekte Leinwand f\u00fcr alle Arten von Nageldesigns bieten. Ganz gleich, ob Sie mit Gellack, Acryl oder einem kreativen Nailart-Set arbeiten, dieser Unterlack tr\u00e4gt dazu bei, die Lebensdauer der Manik\u00fcre zu verl\u00e4ngern, und verhindert Absplittern und Abl\u00f6sen. Die selbstgl\u00e4ttende Textur sorgt f\u00fcr eine gleichm\u00e4\u00dfige Deckkraft und ein makelloses Finish - jedes Mal. Er eignet sich sowohl f\u00fcr Heimwerker als auch f\u00fcr B2B-Unternehmen und bietet Kunden und Marken ein Produkt in Profiqualit\u00e4t.<\/p>","protected":false},"excerpt":{"rendered":"<p>Ein lang anhaltender, geruchloser Gummigrundlack in einem zarten Rosaton, der eine glatte, haltbare Grundlage f\u00fcr Ihre Nailart bietet. Ideal f\u00fcr makellose Haftung und ein sch\u00f6nes, gl\u00e4nzendes Finish, das lange h\u00e4lt.<\/p>","protected":false},"featured_media":2435,"template":"","meta":[],"product_brand":[],"product_cat":[15,30],"product_tag":[632,636,634,633,544,635],"class_list":{"0":"post-2430","1":"product","2":"type-product","3":"status-publish","4":"has-post-thumbnail","6":"product_cat-base-coat","7":"product_cat-colored-rubber-base","8":"product_tag-long-lasting-base-coat","9":"product_tag-nail-art-base-coat","10":"product_tag-odorless-base-coat","11":"product_tag-pink-base-coat-gel","12":"product_tag-rubber-base-coat","13":"product_tag-uv-base-coat","15":"first","16":"instock","17":"shipping-taxable","18":"product-type-simple"},"_links":{"self":[{"href":"https:\/\/bestgelpolish.com\/de\/wp-json\/wp\/v2\/product\/2430","targetHints":{"allow":["GET"]}}],"collection":[{"href":"https:\/\/bestgelpolish.com\/de\/wp-json\/wp\/v2\/product"}],"about":[{"href":"https:\/\/bestgelpolish.com\/de\/wp-json\/wp\/v2\/types\/product"}],"version-history":[{"count":1,"href":"https:\/\/bestgelpolish.com\/de\/wp-json\/wp\/v2\/product\/2430\/revisions"}],"predecessor-version":[{"id":2437,"href":"https:\/\/bestgelpolish.com\/de\/wp-json\/wp\/v2\/product\/2430\/revisions\/2437"}],"wp:featuredmedia":[{"embeddable":true,"href":"https:\/\/bestgelpolish.com\/de\/wp-json\/wp\/v2\/media\/2435"}],"wp:attachment":[{"href":"https:\/\/bestgelpolish.com\/de\/wp-json\/wp\/v2\/media?parent=2430"}],"wp:term":[{"taxonomy":"product_brand","embeddable":true,"href":"https:\/\/bestgelpolish.com\/de\/wp-json\/wp\/v2\/product_brand?post=2430"},{"taxonomy":"product_cat","embeddable":true,"href":"https:\/\/bestgelpolish.com\/de\/wp-json\/wp\/v2\/product_cat?post=2430"},{"taxonomy":"product_tag","embeddable":true,"href":"https:\/\/bestgelpolish.com\/de\/wp-json\/wp\/v2\/product_tag?post=2430"}],"curies":[{"name":"wp","href":"https:\/\/api.w.org\/{rel}","templated":true}]}}