{"id":2339,"date":"2025-12-30T07:53:01","date_gmt":"2025-12-30T07:53:01","guid":{"rendered":"https:\/\/bestgelpolish.com\/?post_type=product&#038;p=2339"},"modified":"2025-12-30T07:53:01","modified_gmt":"2025-12-30T07:53:01","slug":"wholesale-nude-rubber-base-uv-gel-self-leveling-builder","status":"publish","type":"product","link":"https:\/\/bestgelpolish.com\/de\/wholesale-nude-rubber-base-uv-gel-self-leveling-builder\/","title":{"rendered":"Gro\u00dfhandel Nude Rubber Base UV Gel Self Leveling Builder"},"content":{"rendered":"<p>Dieses nudefarbene UV-Gel auf Kautschukbasis wurde f\u00fcr professionelle Anwender entwickelt, die einen sauberen, nat\u00fcrlichen Look mit zuverl\u00e4ssiger Leistung w\u00fcnschen. Die selbstnivellierende Formel flie\u00dft gleichm\u00e4\u00dfig, f\u00fcllt Rillen aus und gl\u00e4ttet die Nageloberfl\u00e4che, wodurch das Auftragen schneller und kontrollierter erfolgt. Die flexible Kautschukbasis absorbiert die t\u00e4glichen Belastungen, reduziert das Abheben und Brechen der N\u00e4gel und verbessert die Haftung. Mit 12 Nude-T\u00f6nen, die verschiedene Hautt\u00f6ne erg\u00e4nzen, eignet sich das Gel hervorragend f\u00fcr minimalistische Styles, French Bases und allt\u00e4gliche Friseurdienstleistungen. Das Gel eignet sich f\u00fcr die Aush\u00e4rtung mit UV- und LED-Licht und ist ideal f\u00fcr Friseursalons, OEM-Produktion, Eigenmarken und den Gro\u00dfhandel.<\/p>","protected":false},"excerpt":{"rendered":"<p>dieses nudefarbene gummigel bildet eine glatte, flexible grundlage und verleiht den n\u00e4geln eine weiche, nat\u00fcrliche farbe. perfekt zur st\u00e4rkung, ausgleichung und lang anhaltenden manik\u00fcre.<\/p>","protected":false},"featured_media":2342,"template":"","meta":[],"product_brand":[],"product_cat":[15,30],"product_tag":[592,594,595,591,593,74],"class_list":{"0":"post-2339","1":"product","2":"type-product","3":"status-publish","4":"has-post-thumbnail","6":"product_cat-base-coat","7":"product_cat-colored-rubber-base","8":"product_tag-nude-rubber-base-gel","9":"product_tag-private-label-nail-products","10":"product_tag-salon-nail-gel","11":"product_tag-self-leveling-nail-gel","12":"product_tag-uv-nail-base-gel","13":"product_tag-wholesale-nail-supplies","15":"first","16":"instock","17":"shipping-taxable","18":"product-type-simple"},"_links":{"self":[{"href":"https:\/\/bestgelpolish.com\/de\/wp-json\/wp\/v2\/product\/2339","targetHints":{"allow":["GET"]}}],"collection":[{"href":"https:\/\/bestgelpolish.com\/de\/wp-json\/wp\/v2\/product"}],"about":[{"href":"https:\/\/bestgelpolish.com\/de\/wp-json\/wp\/v2\/types\/product"}],"version-history":[{"count":1,"href":"https:\/\/bestgelpolish.com\/de\/wp-json\/wp\/v2\/product\/2339\/revisions"}],"predecessor-version":[{"id":2345,"href":"https:\/\/bestgelpolish.com\/de\/wp-json\/wp\/v2\/product\/2339\/revisions\/2345"}],"wp:featuredmedia":[{"embeddable":true,"href":"https:\/\/bestgelpolish.com\/de\/wp-json\/wp\/v2\/media\/2342"}],"wp:attachment":[{"href":"https:\/\/bestgelpolish.com\/de\/wp-json\/wp\/v2\/media?parent=2339"}],"wp:term":[{"taxonomy":"product_brand","embeddable":true,"href":"https:\/\/bestgelpolish.com\/de\/wp-json\/wp\/v2\/product_brand?post=2339"},{"taxonomy":"product_cat","embeddable":true,"href":"https:\/\/bestgelpolish.com\/de\/wp-json\/wp\/v2\/product_cat?post=2339"},{"taxonomy":"product_tag","embeddable":true,"href":"https:\/\/bestgelpolish.com\/de\/wp-json\/wp\/v2\/product_tag?post=2339"}],"curies":[{"name":"wp","href":"https:\/\/api.w.org\/{rel}","templated":true}]}}