{"id":2305,"date":"2025-12-30T07:29:56","date_gmt":"2025-12-30T07:29:56","guid":{"rendered":"https:\/\/bestgelpolish.com\/?post_type=product&#038;p=2305"},"modified":"2025-12-30T07:29:56","modified_gmt":"2025-12-30T07:29:56","slug":"long-lasting-uv-gel-base-top-coat-for-nail-polish-1kg-bulk","status":"publish","type":"product","link":"https:\/\/bestgelpolish.com\/de\/long-lasting-uv-gel-base-top-coat-for-nail-polish-1kg-bulk\/","title":{"rendered":"Langanhaltende UV-Gel-Grund- und Deckschicht f\u00fcr Nagellack, 1KG Bulk"},"content":{"rendered":"<p>Erleben Sie die Qualit\u00e4t und Zuverl\u00e4ssigkeit unserer lang anhaltenden UV-Gel-Basis- und Decklacke. Dieses 1 kg gro\u00dfe Set wurde f\u00fcr Profis entwickelt und bietet hervorragende Leistung und ein makelloses Finish. Ganz gleich, ob Sie ein Salon oder eine Marke sind, die nach M\u00f6glichkeiten der Eigenmarke sucht, diese Gellacke sorgen jedes Mal f\u00fcr atemberaubende, haltbare N\u00e4gel. Perfekt f\u00fcr Unternehmen, die ihren Kunden die beste Nagelpflege bieten wollen.<\/p>","protected":false},"excerpt":{"rendered":"<p>Dieses Set aus UV-Gel-Grund- und Deckschicht bietet ein haltbares, glattes Finish f\u00fcr sch\u00f6ne N\u00e4gel. Erh\u00e4ltlich in 1 kg Gro\u00dfpackungen, ist es die perfekte Wahl f\u00fcr Unternehmen, die hochwertige Nagelprodukte f\u00fcr Eigenmarken und OEM-Verwendung suchen.<\/p>","protected":false},"featured_media":2311,"template":"","meta":[],"product_brand":[],"product_cat":[15,29],"product_tag":[582,581,580,579,583,367],"class_list":{"0":"post-2305","1":"product","2":"type-product","3":"status-publish","4":"has-post-thumbnail","6":"product_cat-base-coat","7":"product_cat-hema-tpo-free-base-coat","8":"product_tag-1kg-gel-polish","9":"product_tag-base-and-top-coat","10":"product_tag-gel-polish-wholesale","11":"product_tag-long-lasting-uv-gel","12":"product_tag-oem-nail-products","13":"product_tag-private-label-nail-polish","15":"first","16":"instock","17":"shipping-taxable","18":"product-type-simple"},"_links":{"self":[{"href":"https:\/\/bestgelpolish.com\/de\/wp-json\/wp\/v2\/product\/2305","targetHints":{"allow":["GET"]}}],"collection":[{"href":"https:\/\/bestgelpolish.com\/de\/wp-json\/wp\/v2\/product"}],"about":[{"href":"https:\/\/bestgelpolish.com\/de\/wp-json\/wp\/v2\/types\/product"}],"version-history":[{"count":2,"href":"https:\/\/bestgelpolish.com\/de\/wp-json\/wp\/v2\/product\/2305\/revisions"}],"predecessor-version":[{"id":2313,"href":"https:\/\/bestgelpolish.com\/de\/wp-json\/wp\/v2\/product\/2305\/revisions\/2313"}],"wp:featuredmedia":[{"embeddable":true,"href":"https:\/\/bestgelpolish.com\/de\/wp-json\/wp\/v2\/media\/2311"}],"wp:attachment":[{"href":"https:\/\/bestgelpolish.com\/de\/wp-json\/wp\/v2\/media?parent=2305"}],"wp:term":[{"taxonomy":"product_brand","embeddable":true,"href":"https:\/\/bestgelpolish.com\/de\/wp-json\/wp\/v2\/product_brand?post=2305"},{"taxonomy":"product_cat","embeddable":true,"href":"https:\/\/bestgelpolish.com\/de\/wp-json\/wp\/v2\/product_cat?post=2305"},{"taxonomy":"product_tag","embeddable":true,"href":"https:\/\/bestgelpolish.com\/de\/wp-json\/wp\/v2\/product_tag?post=2305"}],"curies":[{"name":"wp","href":"https:\/\/api.w.org\/{rel}","templated":true}]}}