{"id":2168,"date":"2025-12-30T03:00:16","date_gmt":"2025-12-30T03:00:16","guid":{"rendered":"https:\/\/bestgelpolish.com\/?post_type=product&#038;p=2168"},"modified":"2025-12-30T03:01:08","modified_gmt":"2025-12-30T03:01:08","slug":"glitter-11-colors-cosmetic-body-glitter-powder-decoration","status":"publish","type":"product","link":"https:\/\/bestgelpolish.com\/de\/glitter-11-colors-cosmetic-body-glitter-powder-decoration\/","title":{"rendered":"Glitter 11 Farben Kosmetik K\u00f6rper Glitter Puder Dekoration"},"content":{"rendered":"<p>Unsere New Fine Glitter Powder-Kollektion bietet eine wundersch\u00f6ne Auswahl an 11 Farben f\u00fcr alle, die ihren Kreationen einen Hauch von Schimmer verleihen m\u00f6chten. Dieser hochwertige, ultrafeine Glitter ist perfekt f\u00fcr Make-up, N\u00e4gel und K\u00f6rperdekoration. Der Glitter ist fein gemahlen, um ein gleichm\u00e4\u00dfiges Auftragen zu gew\u00e4hrleisten, und l\u00e4sst sich leicht verblenden, so dass er sich sowohl f\u00fcr den professionellen als auch f\u00fcr den privaten Gebrauch eignet. Ganz gleich, ob Sie sich auf eine Veranstaltung vorbereiten oder einfach nur ein lustiges Heimwerkerprojekt durchf\u00fchren, mit diesem Glitter werden Sie gl\u00e4nzen.<\/p>","protected":false},"excerpt":{"rendered":"<p>Entfesseln Sie Ihre Kreativit\u00e4t mit unserem neuen Fine Glitter Powder, das in 11 auff\u00e4lligen Farben erh\u00e4ltlich ist. Ganz gleich, ob Sie Ihre N\u00e4gel, Ihre K\u00f6rperkunst oder andere dekorative Projekte versch\u00f6nern m\u00f6chten, diese feinen Glitter sorgen f\u00fcr den perfekten Hauch von Glanz und Glimmer.<\/p>","protected":false},"featured_media":2171,"template":"","meta":[],"product_brand":[],"product_cat":[26],"product_tag":[502,460,504,501,503,210],"class_list":{"0":"post-2168","1":"product","2":"type-product","3":"status-publish","4":"has-post-thumbnail","6":"product_cat-glitter-powder","7":"product_tag-body-glitter","8":"product_tag-cosmetic-glitter","9":"product_tag-decoration-glitter","10":"product_tag-fine-glitter","11":"product_tag-glitter-powder","12":"product_tag-nail-art-glitter","14":"first","15":"instock","16":"shipping-taxable","17":"product-type-simple"},"_links":{"self":[{"href":"https:\/\/bestgelpolish.com\/de\/wp-json\/wp\/v2\/product\/2168","targetHints":{"allow":["GET"]}}],"collection":[{"href":"https:\/\/bestgelpolish.com\/de\/wp-json\/wp\/v2\/product"}],"about":[{"href":"https:\/\/bestgelpolish.com\/de\/wp-json\/wp\/v2\/types\/product"}],"version-history":[{"count":2,"href":"https:\/\/bestgelpolish.com\/de\/wp-json\/wp\/v2\/product\/2168\/revisions"}],"predecessor-version":[{"id":2176,"href":"https:\/\/bestgelpolish.com\/de\/wp-json\/wp\/v2\/product\/2168\/revisions\/2176"}],"wp:featuredmedia":[{"embeddable":true,"href":"https:\/\/bestgelpolish.com\/de\/wp-json\/wp\/v2\/media\/2171"}],"wp:attachment":[{"href":"https:\/\/bestgelpolish.com\/de\/wp-json\/wp\/v2\/media?parent=2168"}],"wp:term":[{"taxonomy":"product_brand","embeddable":true,"href":"https:\/\/bestgelpolish.com\/de\/wp-json\/wp\/v2\/product_brand?post=2168"},{"taxonomy":"product_cat","embeddable":true,"href":"https:\/\/bestgelpolish.com\/de\/wp-json\/wp\/v2\/product_cat?post=2168"},{"taxonomy":"product_tag","embeddable":true,"href":"https:\/\/bestgelpolish.com\/de\/wp-json\/wp\/v2\/product_tag?post=2168"}],"curies":[{"name":"wp","href":"https:\/\/api.w.org\/{rel}","templated":true}]}}