{"id":1722,"date":"2025-12-27T13:06:26","date_gmt":"2025-12-27T13:06:26","guid":{"rendered":"https:\/\/bestgelpolish.com\/?post_type=product&#038;p=1722"},"modified":"2025-12-27T13:06:26","modified_gmt":"2025-12-27T13:06:26","slug":"born-pretty-5-in-1-no-sticky-acrylic-extension-gel-nail-art","status":"publish","type":"product","link":"https:\/\/bestgelpolish.com\/de\/born-pretty-5-in-1-no-sticky-acrylic-extension-gel-nail-art\/","title":{"rendered":"Born Pretty 5 in 1 Nicht klebende Acrylverl\u00e4ngerung Gel-Nagelkunst"},"content":{"rendered":"<p>Born Pretty Pro 5-in-1 No Sticky Acrylic Extension Solid Builder Nail Gel ist ein vielseitiges, einfach zu verwendendes Gel, mit dem Sie komplizierte 3D-Designs und glatte, milchige Geleen\u00e4gel herstellen k\u00f6nnen. Das Gel bietet ein nicht klebendes Finish und ist somit perfekt f\u00fcr makellose Verl\u00e4ngerungen und Nagelkunst. Es ist ideal f\u00fcr professionelle Nagelk\u00fcnstler oder Heimwerker, die lang anhaltende, haltbare N\u00e4gel w\u00fcnschen. Dieses Aufbaugel eignet sich perfekt zum Schnitzen und Formen und verleiht jedem Nageldesign einen kreativen Touch. Egal, ob Sie ein glattes, gl\u00e4nzendes Finish oder einen lustigen, k\u00fcnstlerischen Look anstreben, dieses Gel sorgt f\u00fcr sch\u00f6ne, nat\u00fcrlich aussehende N\u00e4gel, die lange halten.<\/p>","protected":false},"excerpt":{"rendered":"<p>Kreieren Sie professionelle Nagelkunst mit dem h\u00fcbschen, nicht klebenden 5-in-1-Verl\u00e4ngerungsgel von Born. Ideal zum 3D-Schnitzen, Formen und Kreieren von milchigen Gelee-Designs mit einem glatten, nicht klebenden Finish.<\/p>","protected":false},"featured_media":1729,"template":"","meta":[],"product_brand":[],"product_cat":[19],"product_tag":[290,156,289,291,184,97],"class_list":{"0":"post-1722","1":"product","2":"type-product","3":"status-publish","4":"has-post-thumbnail","6":"product_cat-builder-gel","7":"product_tag-3d-carving-gel","8":"product_tag-acrylic-nail-gel","9":"product_tag-born-pretty","10":"product_tag-hard-builder-gel","11":"product_tag-jelly-nail-gel","12":"product_tag-nail-extension-gel","14":"first","15":"instock","16":"shipping-taxable","17":"product-type-simple"},"_links":{"self":[{"href":"https:\/\/bestgelpolish.com\/de\/wp-json\/wp\/v2\/product\/1722","targetHints":{"allow":["GET"]}}],"collection":[{"href":"https:\/\/bestgelpolish.com\/de\/wp-json\/wp\/v2\/product"}],"about":[{"href":"https:\/\/bestgelpolish.com\/de\/wp-json\/wp\/v2\/types\/product"}],"version-history":[{"count":2,"href":"https:\/\/bestgelpolish.com\/de\/wp-json\/wp\/v2\/product\/1722\/revisions"}],"predecessor-version":[{"id":3430,"href":"https:\/\/bestgelpolish.com\/de\/wp-json\/wp\/v2\/product\/1722\/revisions\/3430"}],"wp:featuredmedia":[{"embeddable":true,"href":"https:\/\/bestgelpolish.com\/de\/wp-json\/wp\/v2\/media\/1729"}],"wp:attachment":[{"href":"https:\/\/bestgelpolish.com\/de\/wp-json\/wp\/v2\/media?parent=1722"}],"wp:term":[{"taxonomy":"product_brand","embeddable":true,"href":"https:\/\/bestgelpolish.com\/de\/wp-json\/wp\/v2\/product_brand?post=1722"},{"taxonomy":"product_cat","embeddable":true,"href":"https:\/\/bestgelpolish.com\/de\/wp-json\/wp\/v2\/product_cat?post=1722"},{"taxonomy":"product_tag","embeddable":true,"href":"https:\/\/bestgelpolish.com\/de\/wp-json\/wp\/v2\/product_tag?post=1722"}],"curies":[{"name":"wp","href":"https:\/\/api.w.org\/{rel}","templated":true}]}}