{"id":1657,"date":"2025-12-26T09:41:24","date_gmt":"2025-12-26T09:41:24","guid":{"rendered":"https:\/\/bestgelpolish.com\/?post_type=product&#038;p=1657"},"modified":"2025-12-26T09:41:24","modified_gmt":"2025-12-26T09:41:24","slug":"wholesale-8-color-moonlight-cat-eye-magnetic-gel-polish","status":"publish","type":"product","link":"https:\/\/bestgelpolish.com\/de\/wholesale-8-color-moonlight-cat-eye-magnetic-gel-polish\/","title":{"rendered":"Gro\u00dfhandel 8-Farben Moonlight Cat Eye Magnetic Gel Polish"},"content":{"rendered":"<p>diese 8-farbige moonlight-cat-eye-gel-kollektion wurde f\u00fcr elegante n\u00e4gel entwickelt, die bei jeder beleuchtung edel aussehen. jede farbe hat einen perlmutt-metallischen schimmer, der durch einen magneten in eine glatte \u201cmoonbeam\u201d-linie gezogen wird - perfekt f\u00fcr verlaufende spitzen, franz\u00f6sische effekte oder vollfl\u00e4chigen schimmer. Die Textur l\u00e4sst sich gleichm\u00e4\u00dfig auftragen und gleicht sich selbst aus, um eine saubere Oberfl\u00e4che zu erhalten. Anschlie\u00dfend h\u00e4rtet sie unter UV\/LED aus, um lange zu halten. Wenn es an der Zeit ist, die Farbe zu wechseln, l\u00e4sst sie sich ohne starkes Kratzen entfernen.<\/p>","protected":false},"excerpt":{"rendered":"<p>moonlight cat eye magnetic gel in 8 seidigen farben, von nude-rosa bis silber, violett und blau. erzeugt eine sanft leuchtende linie mit einem magneten, h\u00e4rtet uv\/led aus und zieht sauber ab.<\/p>","protected":false},"featured_media":1660,"template":"","meta":[],"product_brand":[],"product_cat":[23,35],"product_tag":[253,254,250,249,251,252],"class_list":{"0":"post-1657","1":"product","2":"type-product","3":"status-publish","4":"has-post-thumbnail","6":"product_cat-color-gel","7":"product_cat-cat-eyes-gel","8":"product_tag-8-color-cat-eye-collection","9":"product_tag-b2b-wholesale-oem-odm","10":"product_tag-magnetic-gel-polish-set","11":"product_tag-moonlight-cat-eye-gel","12":"product_tag-pearl-shimmer-soak-off-gel","13":"product_tag-uv-led-cat-eye-polish","15":"first","16":"instock","17":"shipping-taxable","18":"product-type-simple"},"_links":{"self":[{"href":"https:\/\/bestgelpolish.com\/de\/wp-json\/wp\/v2\/product\/1657","targetHints":{"allow":["GET"]}}],"collection":[{"href":"https:\/\/bestgelpolish.com\/de\/wp-json\/wp\/v2\/product"}],"about":[{"href":"https:\/\/bestgelpolish.com\/de\/wp-json\/wp\/v2\/types\/product"}],"version-history":[{"count":1,"href":"https:\/\/bestgelpolish.com\/de\/wp-json\/wp\/v2\/product\/1657\/revisions"}],"predecessor-version":[{"id":1663,"href":"https:\/\/bestgelpolish.com\/de\/wp-json\/wp\/v2\/product\/1657\/revisions\/1663"}],"wp:featuredmedia":[{"embeddable":true,"href":"https:\/\/bestgelpolish.com\/de\/wp-json\/wp\/v2\/media\/1660"}],"wp:attachment":[{"href":"https:\/\/bestgelpolish.com\/de\/wp-json\/wp\/v2\/media?parent=1657"}],"wp:term":[{"taxonomy":"product_brand","embeddable":true,"href":"https:\/\/bestgelpolish.com\/de\/wp-json\/wp\/v2\/product_brand?post=1657"},{"taxonomy":"product_cat","embeddable":true,"href":"https:\/\/bestgelpolish.com\/de\/wp-json\/wp\/v2\/product_cat?post=1657"},{"taxonomy":"product_tag","embeddable":true,"href":"https:\/\/bestgelpolish.com\/de\/wp-json\/wp\/v2\/product_tag?post=1657"}],"curies":[{"name":"wp","href":"https:\/\/api.w.org\/{rel}","templated":true}]}}