{"id":1423,"date":"2025-12-26T06:31:47","date_gmt":"2025-12-26T06:31:47","guid":{"rendered":"https:\/\/bestgelpolish.com\/?post_type=product&#038;p=1423"},"modified":"2025-12-26T06:31:47","modified_gmt":"2025-12-26T06:31:47","slug":"wholesale-born-pretty-5g-poking-nail-art-gel-black-white","status":"publish","type":"product","link":"https:\/\/bestgelpolish.com\/de\/wholesale-born-pretty-5g-poking-nail-art-gel-black-white\/","title":{"rendered":"Gro\u00dfhandel Born Pretty 5g Poking Nail Art Gel Schwarz Wei\u00df"},"content":{"rendered":"<p>born pretty 5g poking nail art gel ist f\u00fcr k\u00fcnstler gemacht, die textur lieben. die dicke, kleberartige formel bleibt dort, wo sie platziert wird, so dass sie muster in spitzenl\u00f6chern, wellen und k\u00fchnen abstrakten designs \u201cstupsen\u201d und ziehen k\u00f6nnen, ohne den nagel zu \u00fcberfluten. verwenden sie schwarz f\u00fcr grafische kontraste oder wei\u00df f\u00fcr luftige, weiche details und h\u00e4rten sie dann unter uv\/led aus, um den 3d-look zu fixieren. es l\u00e4sst sich wunderbar \u00fcber farbgel, chrom oder glitter schichten und ist perfekt f\u00fcr schnelle salonsets oder detaillierte studioarbeit. ideal f\u00fcr die kreation trendiger reliefkunst mit gleichbleibender kontrolle.<\/p>","protected":false},"excerpt":{"rendered":"<p>Kreieren Sie Spitzenl\u00f6cher, Meereswellen und abstrakte \u201cStocher\u201d-Effekte mit diesem 5 g stochernden Nailart-Gel. Dick, modellierbar und leicht zu kontrollieren in schwarz oder wei\u00df f\u00fcr saubere 3D-Textur.<\/p>","protected":false},"featured_media":1429,"template":"","meta":[],"product_brand":[],"product_cat":[24],"product_tag":[107,109,105,106,108,110],"class_list":{"0":"post-1423","1":"product","2":"type-product","3":"status-publish","4":"has-post-thumbnail","6":"product_cat-painting-gel","7":"product_tag-3d-sculpting-glue-gel","8":"product_tag-abstract-poke-gel","9":"product_tag-born-pretty-poking-gel","10":"product_tag-lace-hole-nail-art","11":"product_tag-ocean-wave-texture-gel","12":"product_tag-uv-led-nail-art-gel","14":"first","15":"instock","16":"shipping-taxable","17":"product-type-simple"},"_links":{"self":[{"href":"https:\/\/bestgelpolish.com\/de\/wp-json\/wp\/v2\/product\/1423","targetHints":{"allow":["GET"]}}],"collection":[{"href":"https:\/\/bestgelpolish.com\/de\/wp-json\/wp\/v2\/product"}],"about":[{"href":"https:\/\/bestgelpolish.com\/de\/wp-json\/wp\/v2\/types\/product"}],"version-history":[{"count":2,"href":"https:\/\/bestgelpolish.com\/de\/wp-json\/wp\/v2\/product\/1423\/revisions"}],"predecessor-version":[{"id":1431,"href":"https:\/\/bestgelpolish.com\/de\/wp-json\/wp\/v2\/product\/1423\/revisions\/1431"}],"wp:featuredmedia":[{"embeddable":true,"href":"https:\/\/bestgelpolish.com\/de\/wp-json\/wp\/v2\/media\/1429"}],"wp:attachment":[{"href":"https:\/\/bestgelpolish.com\/de\/wp-json\/wp\/v2\/media?parent=1423"}],"wp:term":[{"taxonomy":"product_brand","embeddable":true,"href":"https:\/\/bestgelpolish.com\/de\/wp-json\/wp\/v2\/product_brand?post=1423"},{"taxonomy":"product_cat","embeddable":true,"href":"https:\/\/bestgelpolish.com\/de\/wp-json\/wp\/v2\/product_cat?post=1423"},{"taxonomy":"product_tag","embeddable":true,"href":"https:\/\/bestgelpolish.com\/de\/wp-json\/wp\/v2\/product_tag?post=1423"}],"curies":[{"name":"wp","href":"https:\/\/api.w.org\/{rel}","templated":true}]}}